{"id":102,"date":"2011-04-11T15:33:10","date_gmt":"2011-04-11T14:33:10","guid":{"rendered":"http:\/\/www.pncm.fr\/blog\/?page_id=102"},"modified":"2024-08-29T18:51:07","modified_gmt":"2024-08-29T17:51:07","slug":"photos","status":"publish","type":"page","link":"https:\/\/www.pncm.fr\/blog\/multimedia\/photos\/","title":{"rendered":"Photos"},"content":{"rendered":"<p><strong><span style=\"color: #ff00ff;\">Photos 2024<\/span><\/strong><\/p>\n<p><strong><a href=\"https:\/\/jeanmarcmordacq.fr\/index.php?\/category\/361\">Voiles de Mornac <\/a><\/strong><\/p>\n<p><strong><a href=\"https:\/\/photos.google.com\/u\/1\/photo\/AF1QipNu68Fwt8up-roW2DbJPzt6vO8EB_4FXiaweRlT\">Les 70 ans de la Fl\u00eache<\/a><\/strong><\/p>\n<p><strong><a href=\"https:\/\/photos.app.goo.gl\/NJPSpBL9aqE9Yk9f7\">Ars en r\u00e9 : F\u00eate de la sardine\u00a0<\/a><\/strong><\/p>\n<p><strong><a href=\"https:\/\/photos.app.goo.gl\/hMkyza38tFxF7Wv3A\">Naviguer l\u00e9ger 2024 : <\/a><\/strong>Plusieurs bateaux PNCM pr\u00e9sents cette ann\u00e9e au Chalenge Naviguer L\u00e9ger.(Flottille de 16 bateaux en autonomie compl\u00e8te sans utilisation d&rsquo;\u00e9nergie fossile). Le parcours de cette ann\u00e9e \u00e9tait :<br \/>\nMise \u00e0 l&rsquo;eau sous le pont de l&rsquo;ile de Noirmoutier.<br \/>\nJour 1 : Travers\u00e9e vers l&rsquo;ile d&rsquo;Yeu. Nuit dans le petit port de La Meule.<br \/>\nJour 2 : Tour de l&rsquo;ile d&rsquo;Yeu. Nuit \u00e0 Port Joinville<br \/>\nJour 3 : Retour vers Noirmoutier et passage du gois. Remont\u00e9e vers le nord de l&rsquo;ile.<br \/>\nJour 4 : Travers\u00e9e de la baie de Bourgneuf vers Pornic.<br \/>\nJour 5 : Retour par le Gois \u00e0 Fromentine&#8230;<\/p>\n<p><strong><a href=\"https:\/\/photos.app.goo.gl\/WcwuEgzsAedCfteP9\">PNCM aux F\u00eates Maritimes de La Rochelle :<\/a> Plus de 130 photos relatant les F\u00eates maritimes : les bateaux, les animations&#8230;.<\/strong><\/p>\n<p><strong><a href=\"https:\/\/photos.app.goo.gl\/ZAam1RwFuUu2SPRM9\">PNCM aux Escales d&rsquo;Arcachon 2024<\/a><\/strong><\/p>\n<p><strong><span style=\"color: #ff00ff;\">Photos 2021 &#8211;<\/span><\/strong><\/p>\n<p><strong><a href=\"https:\/\/photos.google.com\/u\/1\/album\/AF1QipM6tv5ruK-EUFYrrM3zgkn6kEUN9Riq2p_5Izii\">La Route de l&rsquo;Huitre &#8211; Edition 2021<\/a><\/strong><\/p>\n<p><strong>Fleuves Iles et Pertuis :<\/strong><\/p>\n<ul>\n<li><a href=\"https:\/\/photos.app.goo.gl\/kr1cyVFmPitvRkBk6\"><strong>FiP \u00e0 la Flotte<\/strong><\/a><\/li>\n<li><strong><a href=\"https:\/\/photos.app.goo.gl\/KErHq6TWbUaaG5aE9\">FIP \u00e0 Boyardville<\/a><\/strong><\/li>\n<li><strong><a href=\"https:\/\/www.jeanmarcmordacq.fr\/index.php?\/category\/294\">FIP au Pont du Martrou<\/a><\/strong><\/li>\n<li><strong><a href=\"https:\/\/www.dropbox.com\/sh\/en8nocp85jdmbzr\/AAABpXjQ_--TWlP5oEEdtUL4a?dl=0\">FiP global<\/a><\/strong><\/li>\n<li><strong><a href=\"https:\/\/photos.google.com\/u\/1\/album\/AF1QipMXIhxlCJ3QyBK-EZr35KLQZu5oshF3HLfilXqf\">FIP global (suite)<\/a><\/strong><\/li>\n<li><strong><a href=\"https:\/\/photos.app.goo.gl\/eXVpozGD1NduwS379\">FIP encore et encore..<\/a><\/strong><\/li>\n<\/ul>\n<p><strong><span style=\"color: #ff00ff;\">Photos 2020<\/span><\/strong> &#8211; Toujours plus de photos&#8230;<\/p>\n<a href=\"https:\/\/photos.google.com\/u\/1\/album\/AF1QipNnKJl5mwfVuk_GtxkKgnOeAP4EylcE3XXMrIK_\" class=\"su-button su-button-style-default\" style=\"color:#FFFFFF;background-color:#2D89EF;border-color:#246ec0;border-radius:5px\" target=\"_self\"><span style=\"color:#FFFFFF;padding:0px 16px;font-size:13px;line-height:26px;border-color:#6cadf4;border-radius:5px;text-shadow:none\"> Challenge Naviguer l\u00e9ger<\/span><\/a>\n<p><strong><span style=\"color: #ff00ff;\">Photos 2019<\/span><\/strong> &#8211; Quelques souvenirs de nos manifestations :<\/p>\n<a href=\"https:\/\/photos.app.goo.gl\/s7dTQJWK3EidwLhr9\" class=\"su-button su-button-style-default\" style=\"color:#FFFFFF;background-color:#2D89EF;border-color:#246ec0;border-radius:5px\" target=\"_self\"><span style=\"color:#FFFFFF;padding:0px 16px;font-size:13px;line-height:26px;border-color:#6cadf4;border-radius:5px;text-shadow:none\">  VASSIVIERE<\/span><\/a>\n<a href=\"https:\/\/photos.app.goo.gl\/wb9ekfpJFHDP4qQ37\" class=\"su-button su-button-style-default\" style=\"color:#FFFFFF;background-color:#2D89EF;border-color:#246ec0;border-radius:5px\" target=\"_self\"><span style=\"color:#FFFFFF;padding:0px 16px;font-size:13px;line-height:26px;border-color:#6cadf4;border-radius:5px;text-shadow:none\">  LES MONOTYPES A HOURTIN<\/span><\/a>\n<a href=\"http:\/\/jeanmarcmordacq.fr\/index.php?\/category\/277\" class=\"su-button su-button-style-default\" style=\"color:#FFFFFF;background-color:#2D89EF;border-color:#246ec0;border-radius:5px\" target=\"_self\"><span style=\"color:#FFFFFF;padding:0px 16px;font-size:13px;line-height:26px;border-color:#6cadf4;border-radius:5px;text-shadow:none\">  LES HAUTS DE SEUDRE<\/span><\/a>\n<p><span style=\"color: #ff00ff;\"><strong>2018<\/strong><\/span><\/p>\n<a href=\"http:\/\/jeanmarcmordacq.fr\/index.php?\/category\/234\" class=\"su-button su-button-style-default\" style=\"color:#FFFFFF;background-color:#2D89EF;border-color:#246ec0;border-radius:5px\" target=\"_self\"><span style=\"color:#FFFFFF;padding:0px 16px;font-size:13px;line-height:26px;border-color:#6cadf4;border-radius:5px;text-shadow:none\"> Les HAUTS DE SEUDRE<\/span><\/a>\n","protected":false},"excerpt":{"rendered":"<p>Photos 2024 Voiles de Mornac Les 70 ans de la Fl\u00eache Ars en r\u00e9 : F\u00eate de la sardine\u00a0 Naviguer l\u00e9ger 2024 : Plusieurs bateaux PNCM pr\u00e9sents cette ann\u00e9e au Chalenge Naviguer L\u00e9ger.(Flottille de 16 bateaux en autonomie compl\u00e8te sans utilisation d&rsquo;\u00e9nergie fossile). Le parcours de cette ann\u00e9e \u00e9tait : Mise \u00e0 l&rsquo;eau sous le [&hellip;]<\/p>\n","protected":false},"author":2,"featured_media":0,"parent":98,"menu_order":0,"comment_status":"closed","ping_status":"closed","template":"","meta":{"_et_pb_use_builder":"","_et_pb_old_content":"","_et_gb_content_width":"","footnotes":""},"class_list":["post-102","page","type-page","status-publish","hentry"],"_links":{"self":[{"href":"https:\/\/www.pncm.fr\/blog\/wp-json\/wp\/v2\/pages\/102","targetHints":{"allow":["GET"]}}],"collection":[{"href":"https:\/\/www.pncm.fr\/blog\/wp-json\/wp\/v2\/pages"}],"about":[{"href":"https:\/\/www.pncm.fr\/blog\/wp-json\/wp\/v2\/types\/page"}],"author":[{"embeddable":true,"href":"https:\/\/www.pncm.fr\/blog\/wp-json\/wp\/v2\/users\/2"}],"replies":[{"embeddable":true,"href":"https:\/\/www.pncm.fr\/blog\/wp-json\/wp\/v2\/comments?post=102"}],"version-history":[{"count":44,"href":"https:\/\/www.pncm.fr\/blog\/wp-json\/wp\/v2\/pages\/102\/revisions"}],"predecessor-version":[{"id":5476,"href":"https:\/\/www.pncm.fr\/blog\/wp-json\/wp\/v2\/pages\/102\/revisions\/5476"}],"up":[{"embeddable":true,"href":"https:\/\/www.pncm.fr\/blog\/wp-json\/wp\/v2\/pages\/98"}],"wp:attachment":[{"href":"https:\/\/www.pncm.fr\/blog\/wp-json\/wp\/v2\/media?parent=102"}],"curies":[{"name":"wp","href":"https:\/\/api.w.org\/{rel}","templated":true}]}}