{"id":1116,"date":"2017-04-26T07:55:30","date_gmt":"2017-04-26T06:55:30","guid":{"rendered":"http:\/\/www.pncm.fr\/blog\/?page_id=1116"},"modified":"2021-06-15T19:47:33","modified_gmt":"2021-06-15T18:47:33","slug":"chantier-naval-robert-leglise-patrimoine-maritime-oleronais","status":"publish","type":"page","link":"https:\/\/www.pncm.fr\/blog\/les-associations-locales\/chantier-naval-robert-leglise-patrimoine-maritime-oleronais\/","title":{"rendered":"Chantier Naval Robert L\u00e9glise Patrimoine Maritime Ol\u00e9ronais"},"content":{"rendered":"<p><a href=\"http:\/\/www.pncm.fr\/blog\/wp-content\/uploads\/pmo-1.jpg\"><br \/>\n<img loading=\"lazy\" decoding=\"async\" class=\"alignleft size-medium wp-image-1118\" src=\"http:\/\/www.pncm.fr\/blog\/wp-content\/uploads\/pmo-1-250x300.jpg\" alt=\"\" width=\"250\" height=\"300\" srcset=\"https:\/\/www.pncm.fr\/blog\/wp-content\/uploads\/pmo-1-250x300.jpg 250w, https:\/\/www.pncm.fr\/blog\/wp-content\/uploads\/pmo-1.jpg 420w\" sizes=\"(max-width: 250px) 100vw, 250px\" \/><\/a><\/p>\n<h2>Chantier naval Robert L\u00e9glise Patrimoine Maritime Ol\u00e9ronnais<\/h2>\n<p>L\u2019association Chantier naval Robert L\u00e9glise \u2013 Patrimoine maritime ol\u00e9ronais est n\u00e9e en 1995. Gr\u00e2ce \u00e0 elle, le chantier naval centenaire du port du Ch\u00e2teau d\u2019Ol\u00e9ron a \u00e9t\u00e9 sauv\u00e9, r\u00e9habilit\u00e9, et nombre de bateaux traditionnels de l\u2019\u00eele y commencent une seconde vie.<br \/>\nLe chantier Robert L\u00e9glise est le dernier t\u00e9moignage local de la construction navale en bois sur l\u2019\u00eele d\u2019Ol\u00e9ron.<\/p>\n<p>C\u2019est tout un monde passionnant, ressuscit\u00e9 par des outils, des photos, des plans, des gabarits et les gestes ancestraux des charpentiers de marine, que vous pourrez d\u00e9couvrir ici.<\/p>\n<p><em>Ouvert toute l\u2019ann\u00e9e le mercredi matin et ponctuellement sur rendez-vous pour les groupes de 10 personnes minimum.<\/em><\/p>\n<p><em>De Mai \u00e0 Septembre : les mardi, mercredi et vendredi de 15h \u00e0 18h. Entr\u00e9e Gratuite<\/em><\/p>\n<p>Contact : M. Jean Aug\u00e9, Pr\u00e9sident : 06 72 67 02 82<\/p>\n<a href=\"http:\/\/www.pncm.fr\/blog\/wp-content\/uploads\/76-Bureau-du-2018-05-02.pdf\" class=\"su-button su-button-style-default\" style=\"color:#FFFFFF;background-color:#2D89EF;border-color:#246ec0;border-radius:5px\" target=\"_self\"><span style=\"color:#FFFFFF;padding:0px 16px;font-size:13px;line-height:26px;border-color:#6cadf4;border-radius:5px;text-shadow:none\"> Bulletin N\u00b076<\/span><\/a>\n<a href=\"http:\/\/www.pncm.fr\/blog\/wp-content\/uploads\/75-Bureau-du-2018-04-11-1.pdf\" class=\"su-button su-button-style-default\" style=\"color:#FFFFFF;background-color:#2D89EF;border-color:#246ec0;border-radius:5px\" target=\"_self\"><span style=\"color:#FFFFFF;padding:0px 16px;font-size:13px;line-height:26px;border-color:#6cadf4;border-radius:5px;text-shadow:none\"> CR AG 2018\/Bulletin N\u00b075<\/span><\/a>\n<a href=\"http:\/\/www.pncm.fr\/blog\/wp-content\/uploads\/74-Bureau-du-2018-03-07-1.pdf\" class=\"su-button su-button-style-default\" style=\"color:#FFFFFF;background-color:#2D89EF;border-color:#246ec0;border-radius:5px\" target=\"_self\"><span style=\"color:#FFFFFF;padding:0px 16px;font-size:13px;line-height:26px;border-color:#6cadf4;border-radius:5px;text-shadow:none\"> Bulletin N\u00b074<\/span><\/a>\n<a href=\"http:\/\/www.pncm.fr\/blog\/wp-content\/uploads\/73-Bureau-du-2018-02-07-2.pdf\" class=\"su-button su-button-style-default\" style=\"color:#FFFFFF;background-color:#2D89EF;border-color:#246ec0;border-radius:5px\" target=\"_self\"><span style=\"color:#FFFFFF;padding:0px 16px;font-size:13px;line-height:26px;border-color:#6cadf4;border-radius:5px;text-shadow:none\"> Bulletin N\u00b073<\/span><\/a>\n<a href=\"http:\/\/www.pncm.fr\/blog\/wp-content\/uploads\/72-Bureau-du-2018-01-10-1.pdf\" class=\"su-button su-button-style-default\" style=\"color:#FFFFFF;background-color:#2D89EF;border-color:#246ec0;border-radius:5px\" target=\"_self\"><span style=\"color:#FFFFFF;padding:0px 16px;font-size:13px;line-height:26px;border-color:#6cadf4;border-radius:5px;text-shadow:none\"> Bulletin N\u00b072<\/span><\/a>\n<a href=\"http:\/\/www.pncm.fr\/blog\/wp-content\/uploads\/63-Bureau-du-20170412.pdf\" class=\"su-button su-button-style-default\" style=\"color:#FFFFFF;background-color:#2D89EF;border-color:#246ec0;border-radius:5px\" target=\"_self\"><span style=\"color:#FFFFFF;padding:0px 16px;font-size:13px;line-height:26px;border-color:#6cadf4;border-radius:5px;text-shadow:none\"> Bulletin N\u00b0 63<\/span><\/a>\n<a href=\"http:\/\/www.pncm.fr\/blog\/wp-content\/uploads\/AG-PMO-2017-03-04.pdf\" class=\"su-button su-button-style-default\" style=\"color:#FFFFFF;background-color:#2D89EF;border-color:#246ec0;border-radius:5px\" target=\"_self\"><span style=\"color:#FFFFFF;padding:0px 16px;font-size:13px;line-height:26px;border-color:#6cadf4;border-radius:5px;text-shadow:none\"> AG 2017 \/ Bulletin N\u00b0 62<\/span><\/a>\n","protected":false},"excerpt":{"rendered":"<p>Chantier naval Robert L\u00e9glise Patrimoine Maritime Ol\u00e9ronnais L\u2019association Chantier naval Robert L\u00e9glise \u2013 Patrimoine maritime ol\u00e9ronais est n\u00e9e en 1995. Gr\u00e2ce \u00e0 elle, le chantier naval centenaire du port du Ch\u00e2teau d\u2019Ol\u00e9ron a \u00e9t\u00e9 sauv\u00e9, r\u00e9habilit\u00e9, et nombre de bateaux traditionnels de l\u2019\u00eele y commencent une seconde vie. Le chantier Robert L\u00e9glise est le dernier [&hellip;]<\/p>\n","protected":false},"author":2,"featured_media":0,"parent":78,"menu_order":0,"comment_status":"closed","ping_status":"closed","template":"","meta":{"_et_pb_use_builder":"","_et_pb_old_content":"","_et_gb_content_width":"","footnotes":""},"class_list":["post-1116","page","type-page","status-publish","hentry"],"_links":{"self":[{"href":"https:\/\/www.pncm.fr\/blog\/wp-json\/wp\/v2\/pages\/1116","targetHints":{"allow":["GET"]}}],"collection":[{"href":"https:\/\/www.pncm.fr\/blog\/wp-json\/wp\/v2\/pages"}],"about":[{"href":"https:\/\/www.pncm.fr\/blog\/wp-json\/wp\/v2\/types\/page"}],"author":[{"embeddable":true,"href":"https:\/\/www.pncm.fr\/blog\/wp-json\/wp\/v2\/users\/2"}],"replies":[{"embeddable":true,"href":"https:\/\/www.pncm.fr\/blog\/wp-json\/wp\/v2\/comments?post=1116"}],"version-history":[{"count":7,"href":"https:\/\/www.pncm.fr\/blog\/wp-json\/wp\/v2\/pages\/1116\/revisions"}],"predecessor-version":[{"id":3385,"href":"https:\/\/www.pncm.fr\/blog\/wp-json\/wp\/v2\/pages\/1116\/revisions\/3385"}],"up":[{"embeddable":true,"href":"https:\/\/www.pncm.fr\/blog\/wp-json\/wp\/v2\/pages\/78"}],"wp:attachment":[{"href":"https:\/\/www.pncm.fr\/blog\/wp-json\/wp\/v2\/media?parent=1116"}],"curies":[{"name":"wp","href":"https:\/\/api.w.org\/{rel}","templated":true}]}}