{"id":1766,"date":"2019-03-16T10:48:18","date_gmt":"2019-03-16T09:48:18","guid":{"rendered":"http:\/\/www.pncm.fr\/blog\/?page_id=1766"},"modified":"2019-09-10T20:18:15","modified_gmt":"2019-09-10T19:18:15","slug":"flotille-en-pertuis","status":"publish","type":"page","link":"https:\/\/www.pncm.fr\/blog\/les-associations-locales\/flotille-en-pertuis\/","title":{"rendered":"Flotille en Pertuis"},"content":{"rendered":"<h4><a href=\"http:\/\/www.pncm.fr\/blog\/wp-content\/uploads\/le-Platin-1.jpg\"><img loading=\"lazy\" decoding=\"async\" class=\"size-medium wp-image-1778 alignright\" src=\"http:\/\/www.pncm.fr\/blog\/wp-content\/uploads\/le-Platin-1-300x200.jpg\" alt=\"\" width=\"300\" height=\"200\" srcset=\"https:\/\/www.pncm.fr\/blog\/wp-content\/uploads\/le-Platin-1-300x200.jpg 300w, https:\/\/www.pncm.fr\/blog\/wp-content\/uploads\/le-Platin-1-768x513.jpg 768w, https:\/\/www.pncm.fr\/blog\/wp-content\/uploads\/le-Platin-1-1024x684.jpg 1024w\" sizes=\"(max-width: 300px) 100vw, 300px\" \/><\/a>L&rsquo;association s&rsquo;est donn\u00e9e ce nom suivant deux axes qui lui tiennent particuli\u00e8rement \u00e0 c\u0153ur :\u00a0 \u00a0 \u00a0 \u00a0 \u00a0 \u00a0 \u00a0 \u00a0 \u00a0 \u00a0 \u00a0 \u00a0 \u00a0 \u00a0 \u00a0 \u00a0 \u00a0 \u00a0 \u00a0 \u00a0 \u00a0 \u00a0 \u00a0 \u00a0 \u00a0 \u00a0 \u00a0 \u00a0 \u00a0 \u00a0 \u00a0 \u00a0 \u00a0 \u00a0 <span style=\"color: #0000ff;\"><strong>Flottille<\/strong><\/span>, car l&rsquo;association est n\u00e9e \u00e0 La Flotte en R\u00e9 ; Sa premi\u00e8re action a \u00e9t\u00e9 d&rsquo;organiser des rassemblements\u00a0et que son objectif est de reconstituer une flottille de bateaux traditionnels.<\/h4>\n<h4 style=\"text-align: left;\">\u00a0<em>L&rsquo;esprit d&rsquo;une flottille de bateaux est un esprit de convivialit\u00e9 extraordinaire dans laquelle tous les participants sont heureux avant tout de se retrouver et d&rsquo;\u00e9changer, qui des recettes de restauration du bois, qui des tours de main, qui des photos&#8230;<\/em><\/h4>\n<div class=\"art-postcontent clearfix\">\n<div class=\"art-article\">\n<h4 style=\"text-align: left;\"><span style=\"color: #0000ff;\"><strong>en Pertuis<\/strong><\/span>, car pour notre association, l&rsquo;entit\u00e9 g\u00e9ographique locale connue par tous est bien celle des Pertuis. Ces pertuis Breton, d&rsquo;Antioche ou de Maumusson, prot\u00e9g\u00e9s par les \u00eeles de R\u00e9, Aix et Ol\u00e9ron, forment un tout qu&rsquo;il faut promouvoir de fa\u00e7on globale. Cette entit\u00e9 g\u00e9ographique a favoris\u00e9 les \u00e9changes commerciaux et a permis l\u2019interaction entre terre et mer gr\u00e2ce aux cours d&rsquo;eau S\u00e8vre, Charente et Seudre donnant acc\u00e8s \u00e0 des villes prestigieuses telles que La Rochelle ou Rochefort.<\/h4>\n<h4 style=\"text-align: left;\">Ainsi, Flottille en Pertuis est un regroupement de propri\u00e9taires de bateaux traditionnels des pertuis charentais, soucieux de leur conservation et de leur valorisation, par l&rsquo;organisation de r\u00e9gates autour de l&rsquo;\u00cele de R\u00e9 et plus loin.<\/h4>\n<h4 style=\"text-align: left;\">Adh\u00e9rer \u00e0 Flottille en Pertuis, c&rsquo;est collaborer aux \u00e9changes de connaissances et de savoir-faire qui participent \u00e0 l&rsquo;entretien de ces bateaux traditionnels. C&rsquo;est aussi s&rsquo;associer \u00e0 la dynamique de sauvegarde du patrimoine maritime.<\/h4>\n<div class=\"wpb_column vc_column_container vc_col-sm-6\">\n<div class=\"vc_column-inner\">\n<div class=\"wpb_wrapper\">\n<div class=\"wpb_text_column wpb_content_element\">\n<div class=\"wpb_wrapper\">\n<h4 style=\"text-align: left;\">Actuellement, une cinquantaine de bateaux fait partie de l&rsquo;association. Quatre sont class\u00e9s Monuments Historiques (<a href=\"http:\/\/www.inventaire.culture.gouv.fr\/\" target=\"_blank\" rel=\"noopener noreferrer\">Inventaire g\u00e9n\u00e9ral du patrimoine culturel<\/a>). Certains ont \u00e9t\u00e9 restaur\u00e9s.<\/h4>\n<h4 style=\"text-align: left;\">Dans le\u00a0<a href=\"http:\/\/www.portlaflotte.fr\/\" target=\"_blank\" rel=\"noopener noreferrer\">Port de La Flotte<\/a>, gr\u00e2ce \u00e0 un budget d&rsquo;\u00e9quipement europ\u00e9en, des pontons r\u00e9serv\u00e9s aux bateaux traditionnels ont \u00e9t\u00e9 am\u00e9nag\u00e9s depuis 2001. Ils participent \u00e0 mettre en valeur cette flottille.<\/h4>\n<h4 style=\"text-align: left;\">Le deuxi\u00e8me volet de l&rsquo;action de ces passionn\u00e9s a vu le jour sous la forme d&rsquo;une exposition pr\u00e9sent\u00e9e pendant deux ans dans une salle de la Mairie de La Flotte. Depuis 1986, cette exposition s&rsquo;est transform\u00e9e en un mus\u00e9e de soci\u00e9t\u00e9 permanent, appel\u00e9 le Mus\u00e9e du Platin, install\u00e9 dans une ancienne distillerie.<\/h4>\n<div class=\"wpb_text_column wpb_content_element\">\n<div class=\"wpb_wrapper\">\n<h4 style=\"text-align: left;\"><span class=\"Apple-style-span\">Le Mus\u00e9e du Platin poss\u00e8de\u00a0des collections riches et h\u00e9t\u00e9rog\u00e8nes\u00a0compos\u00e9es de\u00a0fonds arch\u00e9ologiques\u00a0et\u00a0d&rsquo;architecture m\u00e9di\u00e9vale,\u00a0d&rsquo;eth<\/span><span class=\"Apple-style-span\">nographie r\u00e9gionale,\u00a0d&rsquo;art\u00a0et\u00a0de traditions populaires,\u00a0de mobilier,\u00a0d&rsquo;histoire maritime,\u00a0de maquettes et diaporamas,\u00a0photographiques.\u00a0<\/span><span class=\"Apple-style-span\">La plupart des objets provient de dons de Flottais. Le mus\u00e9e comporte 4 niveaux dont 3 d&rsquo;expositions permanentes et 1 consacr\u00e9 aux expositions temporaires renouvel\u00e9es tous les deux ans.<br \/>\n<\/span><\/h4>\n<h4 style=\"text-align: left;\">Son action se fait \u00e9galement hors les murs avec des visites guid\u00e9es th\u00e9matiques et des ateliers p\u00e9dagogiques \u00e0 destination des enfants.<a href=\"http:\/\/www.pncm.fr\/blog\/wp-content\/uploads\/asso-Flotille-en-Pertuis-1.jpg\"><img loading=\"lazy\" decoding=\"async\" class=\"size-medium wp-image-1777 alignright\" src=\"http:\/\/www.pncm.fr\/blog\/wp-content\/uploads\/asso-Flotille-en-Pertuis-1-300x200.jpg\" alt=\"\" width=\"300\" height=\"200\" srcset=\"https:\/\/www.pncm.fr\/blog\/wp-content\/uploads\/asso-Flotille-en-Pertuis-1-300x200.jpg 300w, https:\/\/www.pncm.fr\/blog\/wp-content\/uploads\/asso-Flotille-en-Pertuis-1-768x512.jpg 768w, https:\/\/www.pncm.fr\/blog\/wp-content\/uploads\/asso-Flotille-en-Pertuis-1-1024x683.jpg 1024w, https:\/\/www.pncm.fr\/blog\/wp-content\/uploads\/asso-Flotille-en-Pertuis-1.jpg 2048w\" sizes=\"(max-width: 300px) 100vw, 300px\" \/><\/a> Notre mus\u00e9e accueille environ par an\u00a0 \u00a0 \u00a0 \u00a0 \u00a07 \u00e0 8 000 visiteurs.<\/h4>\n<p><a href=\"http:\/\/www.pncm.fr\/blog\/wp-content\/uploads\/Flottille_Info_Num\u00e9ro7.pdf\">Flottille_Info_Num\u00e9ro 7\u00a0<\/a><\/p>\n<p><a href=\"http:\/\/www.pncm.fr\/blog\/wp-content\/uploads\/Flottille_Info_Num\u00e9ro8.pdf\">Flotille Info Num\u00e9ro 8<\/a><\/p>\n<p><a href=\"http:\/\/www.pncm.fr\/blog\/wp-content\/uploads\/Flottille_Info_Num\u00e9ro9.pdf\">Flottille_Info_Num\u00e9ro 9<\/a><\/p>\n<p><a href=\"http:\/\/www.pncm.fr\/blog\/wp-content\/uploads\/bulletin_adhesion_FEP2019.pdf\">bulletin_adh\u00e9sion_FEP 2019<\/a><\/p>\n<p>&nbsp;<\/p>\n<p>&nbsp;<\/p>\n<\/div>\n<\/div>\n<\/div>\n<\/div>\n<\/div>\n<\/div>\n<\/div>\n<\/div>\n<\/div>\n","protected":false},"excerpt":{"rendered":"<p>L&rsquo;association s&rsquo;est donn\u00e9e ce nom suivant deux axes qui lui tiennent particuli\u00e8rement \u00e0 c\u0153ur :\u00a0 \u00a0 \u00a0 \u00a0 \u00a0 \u00a0 \u00a0 \u00a0 \u00a0 \u00a0 \u00a0 \u00a0 \u00a0 \u00a0 \u00a0 \u00a0 \u00a0 \u00a0 \u00a0 \u00a0 \u00a0 \u00a0 \u00a0 \u00a0 \u00a0 \u00a0 \u00a0 \u00a0 \u00a0 \u00a0 \u00a0 \u00a0 \u00a0 \u00a0 Flottille, car l&rsquo;association est n\u00e9e \u00e0 La [&hellip;]<\/p>\n","protected":false},"author":193,"featured_media":0,"parent":78,"menu_order":0,"comment_status":"closed","ping_status":"closed","template":"","meta":{"_et_pb_use_builder":"","_et_pb_old_content":"","_et_gb_content_width":"","footnotes":""},"class_list":["post-1766","page","type-page","status-publish","hentry"],"_links":{"self":[{"href":"https:\/\/www.pncm.fr\/blog\/wp-json\/wp\/v2\/pages\/1766","targetHints":{"allow":["GET"]}}],"collection":[{"href":"https:\/\/www.pncm.fr\/blog\/wp-json\/wp\/v2\/pages"}],"about":[{"href":"https:\/\/www.pncm.fr\/blog\/wp-json\/wp\/v2\/types\/page"}],"author":[{"embeddable":true,"href":"https:\/\/www.pncm.fr\/blog\/wp-json\/wp\/v2\/users\/193"}],"replies":[{"embeddable":true,"href":"https:\/\/www.pncm.fr\/blog\/wp-json\/wp\/v2\/comments?post=1766"}],"version-history":[{"count":28,"href":"https:\/\/www.pncm.fr\/blog\/wp-json\/wp\/v2\/pages\/1766\/revisions"}],"predecessor-version":[{"id":2056,"href":"https:\/\/www.pncm.fr\/blog\/wp-json\/wp\/v2\/pages\/1766\/revisions\/2056"}],"up":[{"embeddable":true,"href":"https:\/\/www.pncm.fr\/blog\/wp-json\/wp\/v2\/pages\/78"}],"wp:attachment":[{"href":"https:\/\/www.pncm.fr\/blog\/wp-json\/wp\/v2\/media?parent=1766"}],"curies":[{"name":"wp","href":"https:\/\/api.w.org\/{rel}","templated":true}]}}