{"id":1804,"date":"2019-03-16T11:01:22","date_gmt":"2019-03-16T10:01:22","guid":{"rendered":"http:\/\/www.pncm.fr\/blog\/?page_id=1804"},"modified":"2019-03-20T20:13:45","modified_gmt":"2019-03-20T19:13:45","slug":"societe-des-regates-de-saint-trojan","status":"publish","type":"page","link":"https:\/\/www.pncm.fr\/blog\/les-associations-locales\/societe-des-regates-de-saint-trojan\/","title":{"rendered":"Soci\u00e9t\u00e9 des R\u00e9gates de Saint Trojan"},"content":{"rendered":"<p>Depuis 1992 la Soci\u00e9t\u00e9 des R\u00e9gates de St-Trojan organise la Traditionnelle Parade de Vieux Gr\u00e9ements qui vit le jour en 1896. L\u2019organisation de cette manifestation annuelle constitue un <span style=\"color: #000000;\">\u00e9v\u00e9nement<\/span> important de la saison estivale de Saint-Trojan. Des milliers de spectateurs d\u00e9couvrent chaque ann\u00e9e, le charme et la beaut\u00e9 des bateaux de travail de la r\u00e9gion en assistant \u00e0 leurs \u00e9volutions depuis la Petite-Plage qui retrouvera \u00e0 cette occasion, son ambiance \u00ab\u00a0Belle \u00c9poque\u00a0\u00bb.<\/p>\n<p><a href=\"http:\/\/www.pncm.fr\/blog\/wp-content\/uploads\/illust-srstlogo.jpg\"><img loading=\"lazy\" decoding=\"async\" class=\"alignnone size-medium wp-image-1831\" src=\"http:\/\/www.pncm.fr\/blog\/wp-content\/uploads\/illust-srstlogo-300x197.jpg\" alt=\"\" width=\"300\" height=\"197\" srcset=\"https:\/\/www.pncm.fr\/blog\/wp-content\/uploads\/illust-srstlogo-300x197.jpg 300w, https:\/\/www.pncm.fr\/blog\/wp-content\/uploads\/illust-srstlogo.jpg 400w\" sizes=\"(max-width: 300px) 100vw, 300px\" \/><\/a><\/p>\n<p>&nbsp;<\/p>\n<p>Une exposition de cartes postales anciennes install\u00e9es \u00e0 l&rsquo;endroit de leur prise de vue sur le port et la petite plage, nous montre ce qu&rsquo;\u00e9tait Saint-Trojan au temps o\u00f9 la <span style=\"color: #000000;\">flottille<\/span> des bateaux de travail du coureau \u00e9tait en activit\u00e9.<\/p>\n<p>A c\u00f4t\u00e9 de l\u2019organisation de cette manifestation, la Soci\u00e9t\u00e9 des R\u00e9gates de Saint-Trojan prot\u00e8ge et valorise le patrimoine et les traditions maritimes du Coureau d\u2019Ol\u00e9ron et de ses environs. En 2003, les membres de l&rsquo;association ont restaur\u00e9 \u00ab\u00a0Gard\u00e9nia\u00a0\u00bb, sloup de 5.20m pour son centenaire.<\/p>\n<p>Pour plus d&rsquo;informations, rejoignez-nous sur\u00a0<a href=\"https:\/\/srst17.org\">notre site<\/a><\/p>\n<p>&nbsp;<\/p>\n","protected":false},"excerpt":{"rendered":"<p>Depuis 1992 la Soci\u00e9t\u00e9 des R\u00e9gates de St-Trojan organise la Traditionnelle Parade de Vieux Gr\u00e9ements qui vit le jour en 1896. L\u2019organisation de cette manifestation annuelle constitue un \u00e9v\u00e9nement important de la saison estivale de Saint-Trojan. Des milliers de spectateurs d\u00e9couvrent chaque ann\u00e9e, le charme et la beaut\u00e9 des bateaux de travail de la r\u00e9gion [&hellip;]<\/p>\n","protected":false},"author":193,"featured_media":0,"parent":78,"menu_order":0,"comment_status":"closed","ping_status":"closed","template":"","meta":{"_et_pb_use_builder":"","_et_pb_old_content":"","_et_gb_content_width":"","footnotes":""},"class_list":["post-1804","page","type-page","status-publish","hentry"],"_links":{"self":[{"href":"https:\/\/www.pncm.fr\/blog\/wp-json\/wp\/v2\/pages\/1804","targetHints":{"allow":["GET"]}}],"collection":[{"href":"https:\/\/www.pncm.fr\/blog\/wp-json\/wp\/v2\/pages"}],"about":[{"href":"https:\/\/www.pncm.fr\/blog\/wp-json\/wp\/v2\/types\/page"}],"author":[{"embeddable":true,"href":"https:\/\/www.pncm.fr\/blog\/wp-json\/wp\/v2\/users\/193"}],"replies":[{"embeddable":true,"href":"https:\/\/www.pncm.fr\/blog\/wp-json\/wp\/v2\/comments?post=1804"}],"version-history":[{"count":7,"href":"https:\/\/www.pncm.fr\/blog\/wp-json\/wp\/v2\/pages\/1804\/revisions"}],"predecessor-version":[{"id":1834,"href":"https:\/\/www.pncm.fr\/blog\/wp-json\/wp\/v2\/pages\/1804\/revisions\/1834"}],"up":[{"embeddable":true,"href":"https:\/\/www.pncm.fr\/blog\/wp-json\/wp\/v2\/pages\/78"}],"wp:attachment":[{"href":"https:\/\/www.pncm.fr\/blog\/wp-json\/wp\/v2\/media?parent=1804"}],"curies":[{"name":"wp","href":"https:\/\/api.w.org\/{rel}","templated":true}]}}