{"id":197,"date":"2011-05-07T15:23:24","date_gmt":"2011-05-07T14:23:24","guid":{"rendered":"http:\/\/www.pncm.fr\/blog\/?page_id=197"},"modified":"2022-03-06T18:23:59","modified_gmt":"2022-03-06T17:23:59","slug":"lola-of-skagen","status":"publish","type":"page","link":"https:\/\/www.pncm.fr\/blog\/les-associations-locales\/lola-of-skagen\/","title":{"rendered":"Lola of skagen"},"content":{"rendered":"\n<h2 class=\"wp-block-heading\"><em><em><span style=\"font-family: Monotype Corsiva; font-size: xx-large;\">Naviguez \u00e0 l&rsquo;ancienne&#8230;<a href=\"http:\/\/www.pncm.fr\/blog\/wp-content\/uploads\/lola.jpg\"><img loading=\"lazy\" decoding=\"async\" class=\"alignright size-medium wp-image-198\" title=\"lola\" src=\"http:\/\/www.pncm.fr\/blog\/wp-content\/uploads\/lola-249x300.jpg\" alt=\"\" width=\"249\" height=\"300\" srcset=\"https:\/\/www.pncm.fr\/blog\/wp-content\/uploads\/lola-249x300.jpg 249w, https:\/\/www.pncm.fr\/blog\/wp-content\/uploads\/lola.jpg 420w\" sizes=\"(max-width: 249px) 100vw, 249px\" \/><\/a><\/span><\/em><\/em><\/h2>\n\n\n\n<h1 class=\"wp-block-heading\">Croisi\u00e8res<\/h1>\n\n\n\n<p><span style=\"font-size: medium;\">Embarquez sur &lsquo;Lola of Skagen&rsquo;, un vieux gr\u00e9ement authentique, le meilleur moyen de d\u00e9couvrir le charme de la voile traditionnelle. <\/span><\/p>\n\n\n\n<p><span style=\"font-size: medium;\">Hissez les voiles pour explorer les c\u00f4tes atlantiques, leurs \u00eeles et leur patrimoine maritime. <\/span><\/p>\n\n\n\n<h1 class=\"wp-block-heading\">Ev\u00e9nements<\/h1>\n\n\n\n<p><span style=\"font-size: medium;\">Participez aux rassemblements de vieux gr\u00e9ements, apprenez \u00e0 naviguer \u00e0 l&rsquo;ancienne. D\u00e9butant ou \u00e9quipier confirm\u00e9, chacun a la possibilit\u00e9 de participer \u00e0 la man\u0153uvre. <\/span><\/p>\n\n\n\n<p><span style=\"font-size: medium;\">De la voile \u00e0 sati\u00e9t\u00e9 ou prendre le temps de se balader, rythmez vos vacances comme vous l&rsquo;aimez. <\/span><\/p>\n\n\n\n<h1 class=\"wp-block-heading\">S\u00e9minaires<\/h1>\n\n\n\n<p><span style=\"font-size: medium;\">Lola se pr\u00eate \u00e0 toute activit\u00e9 autour du littoral : croisi\u00e8res \u00e0 th\u00e8me, participation aux f\u00eates locales, promotion de votre entreprise ou motivation de vos collaborateurs, tournages&#8230;<\/span><\/p>\n\n\n\n<p><span style=\"font-size: medium;\">Nous pouvons r\u00e9aliser votre programme sur mesure.&nbsp;N&rsquo;h\u00e9sitez pas \u00e0 nous contacter!<\/span><\/p>\n\n\n\n<h3 class=\"wp-block-heading\">Nous sommes bas\u00e9s \u00e0 St. Denis d&rsquo;Ol\u00e9ron, pr\u00e8s de La Rochelle (gare TGV).<\/h3>\n\n\n\n<p><span style=\"font-size: medium;\">Avec son climat doux et l&rsquo;ensoleillement le plus \u00e9lev\u00e9 de la c\u00f4te atlantique,\u00a0 Ol\u00e9ron est le point de d\u00e9part id\u00e9al pour d\u00e9couvrir les \u00eeles et les c\u00f4tes de la Charente, le Vend\u00e9e, la Bretagne ou plus loin&#8230;<br><\/span><strong><span style=\"color: #008000;\">Contactez nous :<\/span><\/strong><\/p>\n\n\n\n<p><span style=\"font-size: large;\"><strong>Voile Traditionnelle <\/strong><\/span><\/p>\n\n\n\n<p><span style=\"font-size: medium;\">Margot Peeters &amp; Jean-Fran\u00e7ois Garenne<\/span><\/p>\n\n\n\n<p><span style=\"font-size: medium;\">2 rue du moulin &#8211; 17840 La Br\u00e9e les Bains &#8211; France<\/span><\/p>\n\n\n\n<p><span style=\"font-size: medium;\">T\u00e9l.: +33 (0)5 46 75 74 08&nbsp;&nbsp;&nbsp;&nbsp; GSM : +33 (0)6 11 94 46 26 <\/span><\/p>\n\n\n\n<p><span style=\"font-size: medium;\">E-mail : <a href=\"mailto:orion.charter@wanadoo.fr\">voile.traditionnelle@orange.fr<\/a><\/span><\/p>\n","protected":false},"excerpt":{"rendered":"<p>Naviguez \u00e0 l&rsquo;ancienne&#8230; Croisi\u00e8res Embarquez sur &lsquo;Lola of Skagen&rsquo;, un vieux gr\u00e9ement authentique, le meilleur moyen de d\u00e9couvrir le charme de la voile traditionnelle. Hissez les voiles pour explorer les c\u00f4tes atlantiques, leurs \u00eeles et leur patrimoine maritime. Ev\u00e9nements Participez aux rassemblements de vieux gr\u00e9ements, apprenez \u00e0 naviguer \u00e0 l&rsquo;ancienne. D\u00e9butant ou \u00e9quipier confirm\u00e9, chacun [&hellip;]<\/p>\n","protected":false},"author":2,"featured_media":0,"parent":78,"menu_order":3,"comment_status":"closed","ping_status":"closed","template":"","meta":{"_et_pb_use_builder":"","_et_pb_old_content":"","_et_gb_content_width":"","footnotes":""},"class_list":["post-197","page","type-page","status-publish","hentry"],"_links":{"self":[{"href":"https:\/\/www.pncm.fr\/blog\/wp-json\/wp\/v2\/pages\/197","targetHints":{"allow":["GET"]}}],"collection":[{"href":"https:\/\/www.pncm.fr\/blog\/wp-json\/wp\/v2\/pages"}],"about":[{"href":"https:\/\/www.pncm.fr\/blog\/wp-json\/wp\/v2\/types\/page"}],"author":[{"embeddable":true,"href":"https:\/\/www.pncm.fr\/blog\/wp-json\/wp\/v2\/users\/2"}],"replies":[{"embeddable":true,"href":"https:\/\/www.pncm.fr\/blog\/wp-json\/wp\/v2\/comments?post=197"}],"version-history":[{"count":6,"href":"https:\/\/www.pncm.fr\/blog\/wp-json\/wp\/v2\/pages\/197\/revisions"}],"predecessor-version":[{"id":3995,"href":"https:\/\/www.pncm.fr\/blog\/wp-json\/wp\/v2\/pages\/197\/revisions\/3995"}],"up":[{"embeddable":true,"href":"https:\/\/www.pncm.fr\/blog\/wp-json\/wp\/v2\/pages\/78"}],"wp:attachment":[{"href":"https:\/\/www.pncm.fr\/blog\/wp-json\/wp\/v2\/media?parent=197"}],"curies":[{"name":"wp","href":"https:\/\/api.w.org\/{rel}","templated":true}]}}