{"id":221,"date":"2011-05-09T08:59:59","date_gmt":"2011-05-09T07:59:59","guid":{"rendered":"http:\/\/www.pncm.fr\/blog\/?page_id=221"},"modified":"2021-06-13T12:49:08","modified_gmt":"2021-06-13T11:49:08","slug":"les-marees","status":"publish","type":"page","link":"https:\/\/www.pncm.fr\/blog\/les-marees\/","title":{"rendered":"Les mar\u00e9es"},"content":{"rendered":"[et_pb_section admin_label=\u00a0\u00bbsection\u00a0\u00bb]\n\t\t\t[et_pb_row admin_label=\u00a0\u00bbrow\u00a0\u00bb]\n\t\t\t\t[et_pb_column type=\u00a0\u00bb4_4&Prime;][et_pb_text admin_label=\u00a0\u00bbText\u00a0\u00bb]\n<img decoding=\"async\" src=\"https:\/\/maree.info\/img\/maree.info-128x128.png\" \n    alt=\"mar\u00e9e.info - Annuaire des mar\u00e9es\"\n    style=\"width: 64px;height: 64px; border-radius: 12%;\n    box-shadow: 0px 2px 6px #00000040;\">\n\n\n\n<p><iframe loading=\"lazy\" src=\"http:\/\/horloge.maree.frbateaux.net\/ws127\" scrolling=\"no\" width=\"226\" height=\"217\" frameborder=\"0\"><a href=\"http:\/\/maree.frbateaux.net\/\" target=\"_top\" rel=\"dofollow noopener\">Calendrier des mar\u00e9es &#8211; horaire, hauteur, coefficient de mar\u00e9e<\/a><\/iframe><\/p>\n\n\n\n<p class=\"has-blue-background-color has-background\"><iframe loading=\"lazy\" src=\"http:\/\/horloge.maree.frbateaux.net\/ws128\" scrolling=\"no\" width=\"226\" height=\"217\" frameborder=\"0\"><a href=\"http:\/\/maree.frbateaux.net\/\" target=\"_top\" rel=\"dofollow noopener\">Calendrier des mar\u00e9es &#8211; horaire, hauteur, coefficient de mar\u00e9e<\/a><\/iframe><\/p>\n\n\n\n<p><iframe loading=\"lazy\" src=\"http:\/\/horloge.maree.frbateaux.net\/ws131\" scrolling=\"no\" width=\"226\" height=\"217\" frameborder=\"0\"><a href=\"http:\/\/maree.frbateaux.net\/\" target=\"_top\" rel=\"dofollow noopener\">Calendrier des mar\u00e9es &#8211; horaire, hauteur, coefficient de mar\u00e9e<\/a><\/iframe><\/p>\n[\/et_pb_text][\/et_pb_column]\n\t\t\t[\/et_pb_row]\n\t\t[\/et_pb_section]","protected":false},"excerpt":{"rendered":"<p>Calendrier des mar\u00e9es &#8211; horaire, hauteur, coefficient de mar\u00e9e Calendrier des mar\u00e9es &#8211; horaire, hauteur, coefficient de mar\u00e9e Calendrier des mar\u00e9es &#8211; horaire, hauteur, coefficient de mar\u00e9e<\/p>\n","protected":false},"author":2,"featured_media":0,"parent":0,"menu_order":0,"comment_status":"closed","ping_status":"closed","template":"","meta":{"_et_pb_use_builder":"on","_et_pb_old_content":"<!-- wp:html -->\n<img src=\"https:\/\/maree.info\/img\/maree.info-128x128.png\" \n    alt=\"mar\u00e9e.info - Annuaire des mar\u00e9es\"\n    style=\"width: 64px;height: 64px; border-radius: 12%;\n    box-shadow: 0px 2px 6px #00000040;\">\n<!-- \/wp:html -->\n\n<!-- wp:paragraph -->\n<p><iframe src=\"http:\/\/horloge.maree.frbateaux.net\/ws127\" scrolling=\"no\" width=\"226\" height=\"217\" frameborder=\"0\"><a href=\"http:\/\/maree.frbateaux.net\/\" target=\"_top\" rel=\"dofollow noopener\">Calendrier des mar\u00e9es - horaire, hauteur, coefficient de mar\u00e9e<\/a><\/iframe><\/p>\n<!-- \/wp:paragraph -->\n\n<!-- wp:paragraph {\"backgroundColor\":\"blue\"} -->\n<p class=\"has-blue-background-color has-background\"><iframe src=\"http:\/\/horloge.maree.frbateaux.net\/ws128\" scrolling=\"no\" width=\"226\" height=\"217\" frameborder=\"0\"><a href=\"http:\/\/maree.frbateaux.net\/\" target=\"_top\" rel=\"dofollow noopener\">Calendrier des mar\u00e9es - horaire, hauteur, coefficient de mar\u00e9e<\/a><\/iframe><\/p>\n<!-- \/wp:paragraph -->\n\n<!-- wp:paragraph -->\n<p><iframe src=\"http:\/\/horloge.maree.frbateaux.net\/ws131\" scrolling=\"no\" width=\"226\" height=\"217\" frameborder=\"0\"><a href=\"http:\/\/maree.frbateaux.net\/\" target=\"_top\" rel=\"dofollow noopener\">Calendrier des mar\u00e9es - horaire, hauteur, coefficient de mar\u00e9e<\/a><\/iframe><\/p>\n<!-- \/wp:paragraph -->","_et_gb_content_width":"","footnotes":""},"class_list":["post-221","page","type-page","status-publish","hentry"],"_links":{"self":[{"href":"https:\/\/www.pncm.fr\/blog\/wp-json\/wp\/v2\/pages\/221","targetHints":{"allow":["GET"]}}],"collection":[{"href":"https:\/\/www.pncm.fr\/blog\/wp-json\/wp\/v2\/pages"}],"about":[{"href":"https:\/\/www.pncm.fr\/blog\/wp-json\/wp\/v2\/types\/page"}],"author":[{"embeddable":true,"href":"https:\/\/www.pncm.fr\/blog\/wp-json\/wp\/v2\/users\/2"}],"replies":[{"embeddable":true,"href":"https:\/\/www.pncm.fr\/blog\/wp-json\/wp\/v2\/comments?post=221"}],"version-history":[{"count":8,"href":"https:\/\/www.pncm.fr\/blog\/wp-json\/wp\/v2\/pages\/221\/revisions"}],"predecessor-version":[{"id":3366,"href":"https:\/\/www.pncm.fr\/blog\/wp-json\/wp\/v2\/pages\/221\/revisions\/3366"}],"wp:attachment":[{"href":"https:\/\/www.pncm.fr\/blog\/wp-json\/wp\/v2\/media?parent=221"}],"curies":[{"name":"wp","href":"https:\/\/api.w.org\/{rel}","templated":true}]}}