{"id":3308,"date":"2021-06-06T19:46:49","date_gmt":"2021-06-06T18:46:49","guid":{"rendered":"https:\/\/www.pncm.fr\/blog\/?page_id=3308"},"modified":"2026-03-19T19:59:51","modified_gmt":"2026-03-19T18:59:51","slug":"accueil","status":"publish","type":"page","link":"https:\/\/www.pncm.fr\/blog\/","title":{"rendered":""},"content":{"rendered":"[et_pb_section fb_built=\u00a0\u00bb1&Prime; fullwidth=\u00a0\u00bbon\u00a0\u00bb _builder_version=\u00a0\u00bb4.19.5&Prime; _module_preset=\u00a0\u00bbdefault\u00a0\u00bb animation_style=\u00a0\u00bbslide\u00a0\u00bb global_colors_info=\u00a0\u00bb{}\u00a0\u00bb][et_pb_fullwidth_slider _builder_version=\u00a0\u00bb4.27.4&Prime; _module_preset=\u00a0\u00bbdefault\u00a0\u00bb background_enable_image=\u00a0\u00bboff\u00a0\u00bb auto=\u00a0\u00bbon\u00a0\u00bb auto_ignore_hover=\u00a0\u00bbon\u00a0\u00bb global_colors_info=\u00a0\u00bb{}\u00a0\u00bb][et_pb_slide heading=\u00a0\u00bbBienvenue sur le site de Patrimoine Navigant en  Charente Maritime      \u00a0\u00bb _builder_version=\u00a0\u00bb4.27.4&Prime; _module_preset=\u00a0\u00bbdefault\u00a0\u00bb background_image=\u00a0\u00bbhttps:\/\/www.pncm.fr\/blog\/wp-content\/uploads\/voeux2025-V1-page-001.jpg\u00a0\u00bb background_enable_image=\u00a0\u00bbon\u00a0\u00bb width=\u00a0\u00bb70%\u00a0\u00bb max_width=\u00a0\u00bb70%\u00a0\u00bb child_mix_blend_mode=\u00a0\u00bbscreen\u00a0\u00bb border_radii_image=\u00a0\u00bbon|5px|5px|5px|5px\u00a0\u00bb global_colors_info=\u00a0\u00bb{}\u00a0\u00bb sticky_transition=\u00a0\u00bbon\u00a0\u00bb]\n<h1><\/h1>\n[\/et_pb_slide][et_pb_slide heading=\u00a0\u00bbAssembl\u00e9e G\u00e9n\u00e9rale de PNCM : le samedi 28 f\u00e9vrier 2026&Prime; _builder_version=\u00a0\u00bb4.27.4&Prime; _module_preset=\u00a0\u00bbdefault\u00a0\u00bb background_image=\u00a0\u00bbhttps:\/\/www.pncm.fr\/blog\/wp-content\/uploads\/fip21-e1633166103618.jpg\u00a0\u00bb background_enable_image=\u00a0\u00bbon\u00a0\u00bb text_orientation=\u00a0\u00bbcenter\u00a0\u00bb background_layout=\u00a0\u00bblight\u00a0\u00bb global_colors_info=\u00a0\u00bb{}\u00a0\u00bb sticky_transition=\u00a0\u00bbon\u00a0\u00bb]\n<h1>\u00a0<\/h1>\n<p>&nbsp;<\/p>\n<p>&nbsp;<\/p>\n<h1><\/h1>\n[\/et_pb_slide][et_pb_slide _builder_version=\u00a0\u00bb4.16&Prime; _module_preset=\u00a0\u00bbdefault\u00a0\u00bb background_image=\u00a0\u00bbhttps:\/\/www.pncm.fr\/blog\/wp-content\/uploads\/DSC_4971-scaled-e1633164466321.jpg\u00a0\u00bb background_enable_image=\u00a0\u00bbon\u00a0\u00bb background_position=\u00a0\u00bbbottom_center\u00a0\u00bb global_colors_info=\u00a0\u00bb{}\u00a0\u00bb sticky_transition=\u00a0\u00bbon\u00a0\u00bb][\/et_pb_slide][et_pb_slide _builder_version=\u00a0\u00bb4.16&Prime; _module_preset=\u00a0\u00bbdefault\u00a0\u00bb background_image=\u00a0\u00bbhttps:\/\/www.pncm.fr\/blog\/wp-content\/uploads\/photos-2019-001.jpg\u00a0\u00bb background_enable_image=\u00a0\u00bbon\u00a0\u00bb global_colors_info=\u00a0\u00bb{}\u00a0\u00bb sticky_transition=\u00a0\u00bbon\u00a0\u00bb][\/et_pb_slide][et_pb_slide _builder_version=\u00a0\u00bb4.18.0&Prime; _module_preset=\u00a0\u00bbdefault\u00a0\u00bb background_image=\u00a0\u00bbhttps:\/\/www.pncm.fr\/blog\/wp-content\/uploads\/fip19.jpg\u00a0\u00bb background_enable_image=\u00a0\u00bbon\u00a0\u00bb global_colors_info=\u00a0\u00bb{}\u00a0\u00bb sticky_transition=\u00a0\u00bbon\u00a0\u00bb][\/et_pb_slide][et_pb_slide _builder_version=\u00a0\u00bb4.21.0&Prime; _module_preset=\u00a0\u00bbdefault\u00a0\u00bb background_color=\u00a0\u00bb#FFFFFF\u00a0\u00bb background_enable_color=\u00a0\u00bbon\u00a0\u00bb use_background_color_gradient=\u00a0\u00bbon\u00a0\u00bb background_color_gradient_direction=\u00a0\u00bb198deg\u00a0\u00bb background_color_gradient_stops=\u00a0\u00bb#2b87da 0vw|#29c4a9 97vw\u00a0\u00bb background_color_gradient_unit=\u00a0\u00bbvw\u00a0\u00bb background_image=\u00a0\u00bbhttps:\/\/www.pncm.fr\/blog\/wp-content\/uploads\/DSC08377.jpg\u00a0\u00bb background_enable_image=\u00a0\u00bbon\u00a0\u00bb background_position=\u00a0\u00bbbottom_center\u00a0\u00bb global_colors_info=\u00a0\u00bb{}\u00a0\u00bb sticky_transition=\u00a0\u00bbon\u00a0\u00bb][\/et_pb_slide][et_pb_slide _builder_version=\u00a0\u00bb4.21.0&Prime; _module_preset=\u00a0\u00bbdefault\u00a0\u00bb background_image=\u00a0\u00bbhttps:\/\/www.pncm.fr\/blog\/wp-content\/uploads\/DSC08356.jpg\u00a0\u00bb background_enable_image=\u00a0\u00bbon\u00a0\u00bb background_position=\u00a0\u00bbbottom_center\u00a0\u00bb global_colors_info=\u00a0\u00bb{}\u00a0\u00bb sticky_transition=\u00a0\u00bbon\u00a0\u00bb][\/et_pb_slide][et_pb_slide _builder_version=\u00a0\u00bb4.21.0&Prime; _module_preset=\u00a0\u00bbdefault\u00a0\u00bb background_image=\u00a0\u00bbhttps:\/\/www.pncm.fr\/blog\/wp-content\/uploads\/FIP-2023-Dany-41-scaled.jpg\u00a0\u00bb background_enable_image=\u00a0\u00bbon\u00a0\u00bb global_colors_info=\u00a0\u00bb{}\u00a0\u00bb sticky_transition=\u00a0\u00bbon\u00a0\u00bb][\/et_pb_slide][et_pb_slide _builder_version=\u00a0\u00bb4.21.0&Prime; _module_preset=\u00a0\u00bbdefault\u00a0\u00bb background_image=\u00a0\u00bbhttps:\/\/www.pncm.fr\/blog\/wp-content\/uploads\/IMG_20230902_182941-scaled.jpg\u00a0\u00bb background_enable_image=\u00a0\u00bbon\u00a0\u00bb global_colors_info=\u00a0\u00bb{}\u00a0\u00bb sticky_transition=\u00a0\u00bbon\u00a0\u00bb][\/et_pb_slide][\/et_pb_fullwidth_slider][\/et_pb_section][et_pb_section fb_built=\u00a0\u00bb1&Prime; _builder_version=\u00a0\u00bb4.16&Prime; _module_preset=\u00a0\u00bbdefault\u00a0\u00bb min_height=\u00a0\u00bb531px\u00a0\u00bb global_colors_info=\u00a0\u00bb{}\u00a0\u00bb][et_pb_row _builder_version=\u00a0\u00bb4.16&Prime; _module_preset=\u00a0\u00bbdefault\u00a0\u00bb custom_padding=\u00a0\u00bb0px|||||\u00a0\u00bb global_colors_info=\u00a0\u00bb{}\u00a0\u00bb][et_pb_column type=\u00a0\u00bb4_4&Prime; _builder_version=\u00a0\u00bb4.16&Prime; _module_preset=\u00a0\u00bbdefault\u00a0\u00bb global_colors_info=\u00a0\u00bb{}\u00a0\u00bb][et_pb_text _builder_version=\u00a0\u00bb4.16&Prime; _module_preset=\u00a0\u00bbdefault\u00a0\u00bb custom_padding=\u00a0\u00bb3px|||||\u00a0\u00bb global_colors_info=\u00a0\u00bb{}\u00a0\u00bb]\n<h2>Qui sommes nous ?<\/h2>\n[\/et_pb_text][\/et_pb_column][\/et_pb_row][et_pb_row column_structure=\u00a0\u00bb2_5,3_5&Prime; _builder_version=\u00a0\u00bb4.16&Prime; _module_preset=\u00a0\u00bbdefault\u00a0\u00bb box_shadow_style=\u00a0\u00bbpreset2&Prime; global_colors_info=\u00a0\u00bb{}\u00a0\u00bb][et_pb_column type=\u00a0\u00bb2_5&Prime; _builder_version=\u00a0\u00bb4.16&Prime; _module_preset=\u00a0\u00bbdefault\u00a0\u00bb global_colors_info=\u00a0\u00bb{}\u00a0\u00bb][et_pb_image src=\u00a0\u00bbhttps:\/\/www.pncm.fr\/blog\/wp-content\/uploads\/DSC_0334-scaled.jpg\u00a0\u00bb title_text=\u00a0\u00bbDSC_0334&Prime; _builder_version=\u00a0\u00bb4.16&Prime; _module_preset=\u00a0\u00bbdefault\u00a0\u00bb global_colors_info=\u00a0\u00bb{}\u00a0\u00bb][\/et_pb_image][\/et_pb_column][et_pb_column type=\u00a0\u00bb3_5&Prime; _builder_version=\u00a0\u00bb4.16&Prime; _module_preset=\u00a0\u00bbdefault\u00a0\u00bb global_colors_info=\u00a0\u00bb{}\u00a0\u00bb][et_pb_text _builder_version=\u00a0\u00bb4.23.2&Prime; _module_preset=\u00a0\u00bbdefault\u00a0\u00bb global_colors_info=\u00a0\u00bb{}\u00a0\u00bb]\n<div dir=\"ltr\" data-angle=\"0\" data-font-name=\"g_font_7_0\" data-canvas-width=\"255.77675362175967\"><strong>Patrimoine Navigant en Charente Maritime (PNCM<\/strong>) est un collectif d\u2019associations (une vingtaine) et propri\u00e9taires de bateaux traditionnels (80 environ) navigant principalement en Charente Maritime. Jusqu\u2019\u00e0 200 \u00e0 300 sympathisants participent \u00e0 ses rassemblements.<\/div>\n<div dir=\"ltr\" data-angle=\"0\" data-font-name=\"g_font_7_0\" data-canvas-width=\"75.10043136884855\">Cr\u00e9\u00e9 en 2003 il s\u2019est fix\u00e9 comme objectifs d\u2019acqu\u00e9rir meilleure reconnaissance aupr\u00e8s des collectivit\u00e9s territoriales locales, de permettre \u00e0 ses adh\u00e9rents de mieux communiquer au moyen de son site internet. Il coordonne le calendrier des manifestations de bateaux traditionnels, et anime de fa\u00e7on dynamique son r\u00e9seau associatif.<\/div>\n<div dir=\"ltr\" data-angle=\"0\" data-font-name=\"g_font_7_0\" data-canvas-width=\"226.47353445479484\">En 2013, il s\u2019est fix\u00e9 comme objectif de cr\u00e9er un nouveau bateau traditionnel <span style=\"font-size: large;\"><a href=\"https:\/\/www.pncm.fr\/monotype\"><span style=\"color: #05277f;\"><em><strong>le Monotype des Pertuis<\/strong><\/em><\/span><\/a><\/span>.<\/div>\n<div dir=\"ltr\" data-angle=\"0\" data-font-name=\"g_font_7_0\" data-canvas-width=\"270.77021059276296\">Le concept est le suivant : proposer un voilier simple, utilisable pour la randonn\u00e9e et la<\/div>\n<div dir=\"ltr\" data-angle=\"0\" data-font-name=\"g_font_7_0\" data-canvas-width=\"236.88328908304177\">promenade, mais aussi performant pour des r\u00e9gates conviviales ; accessible au plus grand<\/div>\n<div dir=\"ltr\" data-angle=\"0\" data-font-name=\"g_font_7_0\" data-canvas-width=\"246.4596982614754\">nombre et susceptible par son esth\u00e9tique et sa conception de s\u2019int\u00e9grer aux paysages<\/div>\n<div dir=\"ltr\" data-angle=\"0\" data-font-name=\"g_font_7_0\" data-canvas-width=\"326.6228985983929\">maritimes traditionnels du littoral charentais.<\/div>\n<div dir=\"ltr\" data-angle=\"0\" data-font-name=\"g_font_7_0\" data-canvas-width=\"326.6228985983929\"><\/div>\n<div dir=\"ltr\" data-angle=\"0\" data-font-name=\"g_font_7_0\" data-canvas-width=\"326.6228985983929\"><strong>Contact : contact@pncm.fr<\/strong><\/div>\n[\/et_pb_text][\/et_pb_column][\/et_pb_row][\/et_pb_section][et_pb_section fb_built=\u00a0\u00bb1&Prime; _builder_version=\u00a0\u00bb4.16&Prime; _module_preset=\u00a0\u00bbdefault\u00a0\u00bb background_color=\u00a0\u00bb#f7f7f7&Prime; global_colors_info=\u00a0\u00bb{}\u00a0\u00bb][et_pb_row _builder_version=\u00a0\u00bb4.16&Prime; _module_preset=\u00a0\u00bbdefault\u00a0\u00bb global_colors_info=\u00a0\u00bb{}\u00a0\u00bb][et_pb_column type=\u00a0\u00bb4_4&Prime; _builder_version=\u00a0\u00bb4.16&Prime; _module_preset=\u00a0\u00bbdefault\u00a0\u00bb global_colors_info=\u00a0\u00bb{}\u00a0\u00bb][et_pb_text _builder_version=\u00a0\u00bb4.16&Prime; _module_preset=\u00a0\u00bbdefault\u00a0\u00bb global_colors_info=\u00a0\u00bb{}\u00a0\u00bb]\n<h1 style=\"text-align: center;\">Notre actualit\u00e9&#8230;<\/h1>\n[\/et_pb_text][\/et_pb_column][\/et_pb_row][et_pb_row column_structure=\u00a0\u00bb1_3,1_3,1_3&Prime; make_equal=\u00a0\u00bbon\u00a0\u00bb _builder_version=\u00a0\u00bb4.27.4&Prime; _module_preset=\u00a0\u00bbdefault\u00a0\u00bb module_alignment=\u00a0\u00bbcenter\u00a0\u00bb custom_margin=\u00a0\u00bb|auto|44px|auto||\u00a0\u00bb custom_padding=\u00a0\u00bb61px|||||\u00a0\u00bb link_option_url=\u00a0\u00bb%91su_button url=%22https:\/\/www.pncm.fr\/blog\/wp-content\/uploads\/calendrier-2021-def3.pdf%22%93voir calendrier%91\/su_button%93&Prime; box_shadow_style=\u00a0\u00bbpreset3&Prime; box_shadow_color=\u00a0\u00bbrgba(0,0,0,0.49)\u00a0\u00bb global_colors_info=\u00a0\u00bb{}\u00a0\u00bb][et_pb_column type=\u00a0\u00bb1_3&Prime; _builder_version=\u00a0\u00bb4.16&Prime; _module_preset=\u00a0\u00bbdefault\u00a0\u00bb global_colors_info=\u00a0\u00bb{}\u00a0\u00bb][et_pb_text _builder_version=\u00a0\u00bb4.27.4&Prime; _module_preset=\u00a0\u00bbdefault\u00a0\u00bb background_enable_image=\u00a0\u00bboff\u00a0\u00bb background_size=\u00a0\u00bbcontain\u00a0\u00bb custom_margin=\u00a0\u00bb|6px||6px|false|false\u00a0\u00bb custom_padding=\u00a0\u00bb8px|3px|4px|4px|false|false\u00a0\u00bb animation_style=\u00a0\u00bbfold\u00a0\u00bb box_shadow_style=\u00a0\u00bbpreset3&Prime; global_colors_info=\u00a0\u00bb{}\u00a0\u00bb]\n<h2><span style=\"vertical-align: inherit;\"><span style=\"vertical-align: inherit;\"><span style=\"vertical-align: inherit;\"><span style=\"vertical-align: inherit;\">Calendrier 2026<\/span><\/span><\/span><\/span><\/h2>\n[\/et_pb_text][et_pb_text _builder_version=\u00a0\u00bb4.27.4&Prime; _module_preset=\u00a0\u00bbdefault\u00a0\u00bb background_color=\u00a0\u00bb#D6D6D6&Prime; background_enable_image=\u00a0\u00bboff\u00a0\u00bb module_alignment=\u00a0\u00bbleft\u00a0\u00bb custom_margin=\u00a0\u00bb6px|6px|2px|5px|false|false\u00a0\u00bb custom_padding=\u00a0\u00bb17px|4px|2px|4px|false|false\u00a0\u00bb link_option_url=\u00a0\u00bbhttps:\/\/www.pncm.fr\/blog\/wp-content\/uploads\/calendrier-2026-definitif-1.pdf\u00a0\u00bb hover_enabled=\u00a0\u00bb0&Prime; border_width_all=\u00a0\u00bb5px\u00a0\u00bb border_color_all=\u00a0\u00bb#FFFFFF\u00a0\u00bb border_style_all=\u00a0\u00bbnone\u00a0\u00bb box_shadow_style=\u00a0\u00bbpreset3&Prime; locked=\u00a0\u00bboff\u00a0\u00bb global_colors_info=\u00a0\u00bb{}\u00a0\u00bb background__sticky_enabled=\u00a0\u00bboff|desktop\u00a0\u00bb sticky_enabled=\u00a0\u00bb0&Prime;]\n<h3 style=\"text-align: left;\"><a href=\"https:\/\/www.pncm.fr\/blog\/wp-content\/uploads\/calendrier-2026-definitif-1.pdf\">Calendrier des manifestations nautiques de PNCM et des associations adh\u00e9rentes<\/a><\/h3>\n<h3><a href=\"https:\/\/www.pncm.fr\/blog\/wp-content\/uploads\/calendrier-manifs-2026-provisoire.pdf\"><img loading=\"lazy\" decoding=\"async\" src=\"https:\/\/www.pncm.fr\/blog\/wp-content\/uploads\/images.jpg\" width=\"272\" height=\"170\" alt=\"\" class=\"wp-image-4492 alignnone size-full\" \/><\/a><\/h3>\n<h4><\/h4>\n[\/et_pb_text][et_pb_button _builder_version=\u00a0\u00bb4.16&Prime; _module_preset=\u00a0\u00bbdefault\u00a0\u00bb global_colors_info=\u00a0\u00bb{}\u00a0\u00bb][\/et_pb_button][\/et_pb_column][et_pb_column type=\u00a0\u00bb1_3&Prime; _builder_version=\u00a0\u00bb4.16&Prime; _module_preset=\u00a0\u00bbdefault\u00a0\u00bb custom_padding=\u00a0\u00bb||0px||false|false\u00a0\u00bb global_colors_info=\u00a0\u00bb{}\u00a0\u00bb][\/et_pb_column][et_pb_column type=\u00a0\u00bb1_3&Prime; _builder_version=\u00a0\u00bb4.27.4&Prime; _module_preset=\u00a0\u00bbdefault\u00a0\u00bb global_colors_info=\u00a0\u00bb{}\u00a0\u00bb][et_pb_cta title=\u00a0\u00bbSAVE THE DATE : FIP 2026&Prime; button_text=\u00a0\u00bbClics\u00a0\u00bb _builder_version=\u00a0\u00bb4.27.4&Prime; _module_preset=\u00a0\u00bbdefault\u00a0\u00bb background_color=\u00a0\u00bb#88C4DD\u00a0\u00bb width=\u00a0\u00bb96%\u00a0\u00bb max_width=\u00a0\u00bb99%\u00a0\u00bb custom_margin=\u00a0\u00bb-6px|26px|||false|false\u00a0\u00bb custom_padding=\u00a0\u00bb9px|2px|0px|9px|false|false\u00a0\u00bb border_radii=\u00a0\u00bbon|7px|7px|7px|7px\u00a0\u00bb box_shadow_style=\u00a0\u00bbpreset2&Prime; box_shadow_horizontal=\u00a0\u00bb-16px\u00a0\u00bb global_colors_info=\u00a0\u00bb{}\u00a0\u00bb]\n<p><a href=\"https:\/\/www.pncm.fr\/blog\/2026-affiche-fip-cmjn\/\"><img loading=\"lazy\" decoding=\"async\" src=\"https:\/\/www.pncm.fr\/blog\/wp-content\/uploads\/2026-Affiche-fip-CMJN-213x300.jpg\" width=\"213\" height=\"300\" alt=\"\" class=\"wp-image-5769 alignnone size-medium\" \/><\/a><\/p>\n[\/et_pb_cta][\/et_pb_column][\/et_pb_row][et_pb_row column_structure=\u00a0\u00bb1_3,1_3,1_3&Prime; _builder_version=\u00a0\u00bb4.16&Prime; _module_preset=\u00a0\u00bbdefault\u00a0\u00bb custom_margin=\u00a0\u00bb21px|auto||auto||\u00a0\u00bb box_shadow_style=\u00a0\u00bbpreset4&Prime; global_colors_info=\u00a0\u00bb{}\u00a0\u00bb][et_pb_column type=\u00a0\u00bb1_3&Prime; _builder_version=\u00a0\u00bb4.16&Prime; _module_preset=\u00a0\u00bbdefault\u00a0\u00bb global_colors_info=\u00a0\u00bb{}\u00a0\u00bb][et_pb_blog posts_number=\u00a0\u00bb3&Prime; show_content=\u00a0\u00bbon\u00a0\u00bb _builder_version=\u00a0\u00bb4.16&Prime; _module_preset=\u00a0\u00bbdefault\u00a0\u00bb global_colors_info=\u00a0\u00bb{}\u00a0\u00bb][\/et_pb_blog][\/et_pb_column][et_pb_column type=\u00a0\u00bb1_3&Prime; _builder_version=\u00a0\u00bb4.16&Prime; _module_preset=\u00a0\u00bbdefault\u00a0\u00bb global_colors_info=\u00a0\u00bb{}\u00a0\u00bb][et_pb_image title_text=\u00a0\u00bbimage calendrier\u00a0\u00bb url=\u00a0\u00bbhttps:\/\/www.pncm.fr\/blog\/wp-content\/uploads\/calendrier-2022-V4.pdf\u00a0\u00bb _builder_version=\u00a0\u00bb4.16&Prime; _module_preset=\u00a0\u00bbdefault\u00a0\u00bb custom_margin=\u00a0\u00bb||-113px|||\u00a0\u00bb custom_padding=\u00a0\u00bb||0px|||\u00a0\u00bb global_colors_info=\u00a0\u00bb{}\u00a0\u00bb][\/et_pb_image][et_pb_blog posts_number=\u00a0\u00bb3&Prime; show_content=\u00a0\u00bbon\u00a0\u00bb offset_number=\u00a0\u00bb3&Prime; _builder_version=\u00a0\u00bb4.16&Prime; _module_preset=\u00a0\u00bbdefault\u00a0\u00bb min_height=\u00a0\u00bb3262.5px\u00a0\u00bb custom_margin=\u00a0\u00bb80px|||||\u00a0\u00bb custom_padding=\u00a0\u00bb21px|||||\u00a0\u00bb global_colors_info=\u00a0\u00bb{}\u00a0\u00bb][\/et_pb_blog][\/et_pb_column][et_pb_column type=\u00a0\u00bb1_3&Prime; _builder_version=\u00a0\u00bb4.16&Prime; _module_preset=\u00a0\u00bbdefault\u00a0\u00bb global_colors_info=\u00a0\u00bb{}\u00a0\u00bb][et_pb_blog posts_number=\u00a0\u00bb3&Prime; show_content=\u00a0\u00bbon\u00a0\u00bb offset_number=\u00a0\u00bb6&Prime; _builder_version=\u00a0\u00bb4.16&Prime; _module_preset=\u00a0\u00bbdefault\u00a0\u00bb global_colors_info=\u00a0\u00bb{}\u00a0\u00bb][\/et_pb_blog][\/et_pb_column][\/et_pb_row][\/et_pb_section][et_pb_section fb_built=\u00a0\u00bb1&Prime; _builder_version=\u00a0\u00bb4.16&Prime; _module_preset=\u00a0\u00bbdefault\u00a0\u00bb custom_padding=\u00a0\u00bb5px||5px||true|false\u00a0\u00bb global_colors_info=\u00a0\u00bb{}\u00a0\u00bb][et_pb_row _builder_version=\u00a0\u00bb4.16&Prime; _module_preset=\u00a0\u00bbdefault\u00a0\u00bb global_colors_info=\u00a0\u00bb{}\u00a0\u00bb][et_pb_column type=\u00a0\u00bb4_4&Prime; _builder_version=\u00a0\u00bb4.16&Prime; _module_preset=\u00a0\u00bbdefault\u00a0\u00bb global_colors_info=\u00a0\u00bb{}\u00a0\u00bb][et_pb_text _builder_version=\u00a0\u00bb4.16&Prime; _module_preset=\u00a0\u00bbdefault\u00a0\u00bb global_colors_info=\u00a0\u00bb{}\u00a0\u00bb]\n<p style=\"text-align: center;\">PNCM \u00a9 2021 | <a href=\"https:\/\/www.pncm.fr\/blog\/mentions-legales\/?et_fb=1&amp;PageSpeed=off\">Mentions l\u00e9gales<\/a> | Politique de confidentialit\u00e9 &#8211; Tous droits r\u00e9serv\u00e9s<\/p>\n[\/et_pb_text][\/et_pb_column][\/et_pb_row][\/et_pb_section]\n","protected":false},"excerpt":{"rendered":"<p>\u00a0 &nbsp; &nbsp; Qui sommes nous ?Patrimoine Navigant en Charente Maritime (PNCM) est un collectif d\u2019associations (une vingtaine) et propri\u00e9taires de bateaux traditionnels (80 environ) navigant principalement en Charente Maritime. Jusqu\u2019\u00e0 200 \u00e0 300 sympathisants participent \u00e0 ses rassemblements. Cr\u00e9\u00e9 en 2003 il s\u2019est fix\u00e9 comme objectifs d\u2019acqu\u00e9rir meilleure reconnaissance aupr\u00e8s des collectivit\u00e9s territoriales locales, [&hellip;]<\/p>\n","protected":false},"author":193,"featured_media":2383,"parent":0,"menu_order":0,"comment_status":"closed","ping_status":"closed","template":"","meta":{"_et_pb_use_builder":"on","_et_pb_old_content":"","_et_gb_content_width":"","footnotes":""},"class_list":["post-3308","page","type-page","status-publish","has-post-thumbnail","hentry"],"_links":{"self":[{"href":"https:\/\/www.pncm.fr\/blog\/wp-json\/wp\/v2\/pages\/3308","targetHints":{"allow":["GET"]}}],"collection":[{"href":"https:\/\/www.pncm.fr\/blog\/wp-json\/wp\/v2\/pages"}],"about":[{"href":"https:\/\/www.pncm.fr\/blog\/wp-json\/wp\/v2\/types\/page"}],"author":[{"embeddable":true,"href":"https:\/\/www.pncm.fr\/blog\/wp-json\/wp\/v2\/users\/193"}],"replies":[{"embeddable":true,"href":"https:\/\/www.pncm.fr\/blog\/wp-json\/wp\/v2\/comments?post=3308"}],"version-history":[{"count":148,"href":"https:\/\/www.pncm.fr\/blog\/wp-json\/wp\/v2\/pages\/3308\/revisions"}],"predecessor-version":[{"id":5790,"href":"https:\/\/www.pncm.fr\/blog\/wp-json\/wp\/v2\/pages\/3308\/revisions\/5790"}],"wp:featuredmedia":[{"embeddable":true,"href":"https:\/\/www.pncm.fr\/blog\/wp-json\/wp\/v2\/media\/2383"}],"wp:attachment":[{"href":"https:\/\/www.pncm.fr\/blog\/wp-json\/wp\/v2\/media?parent=3308"}],"curies":[{"name":"wp","href":"https:\/\/api.w.org\/{rel}","templated":true}]}}