{"id":5399,"date":"2024-06-21T13:13:12","date_gmt":"2024-06-21T12:13:12","guid":{"rendered":"https:\/\/www.pncm.fr\/blog\/?page_id=5399"},"modified":"2024-07-04T21:04:41","modified_gmt":"2024-07-04T20:04:41","slug":"le-monotype-des-pertuis","status":"publish","type":"page","link":"https:\/\/www.pncm.fr\/blog\/le-monotype-des-pertuis\/","title":{"rendered":"Le Monotype des Pertuis"},"content":{"rendered":"\n<figure class=\"wp-block-image alignright size-large is-resized\"><a href=\"https:\/\/www.pncm.fr\/blog\/wp-content\/uploads\/image-8.png\"><img loading=\"lazy\" decoding=\"async\" width=\"1024\" height=\"614\" src=\"https:\/\/www.pncm.fr\/blog\/wp-content\/uploads\/image-8-1024x614.png\" alt=\"\" class=\"wp-image-5402\" style=\"width:523px;height:auto\" srcset=\"https:\/\/www.pncm.fr\/blog\/wp-content\/uploads\/image-8-980x588.png 980w, https:\/\/www.pncm.fr\/blog\/wp-content\/uploads\/image-8-480x288.png 480w\" sizes=\"(min-width: 0px) and (max-width: 480px) 480px, (min-width: 481px) and (max-width: 980px) 980px, (min-width: 981px) 1024px, 100vw\" \/><\/a><\/figure>\n\n\n\n<p>Depuis d\u00e9j\u00e0 pas mal de temps, une id\u00e9e flotte dans nos pertuis, on en parle autour d\u2019un verre, sur les lieux d\u2019arriv\u00e9e lors de nos rassemblements, apr\u00e8s un semblant de r\u00e9gate\u2026<\/p>\n\n\n\n<p>Toujours les m\u00eames discussions, et toujours les m\u00eames constats&nbsp;: impossible de nous mesurer les uns les autres tant nos bateaux sont diff\u00e9rents.<\/p>\n\n\n\n<p>Ce qui fait le charme de la flottille charentaise par sa diversit\u00e9 des embarcations que nous connaissons, devient un r\u00e9el probl\u00e8me d\u00e8s lors que nous voulons un peu jouer au plus rapide.<\/p>\n\n\n\n<p>Contrairement \u00e0 certaines r\u00e9gions comme le Golfe du Morbihan avec sa \u00ab&nbsp;plate&nbsp;\u00bb, le Bassin d\u2019Arcachon et son \u00ab&nbsp;Monotype&nbsp;\u00bb ou le \u00ab&nbsp;Loup&nbsp;\u00bb, les Sables et son \u00ab&nbsp;Olonnois&nbsp;\u00bb, nous n\u2019avons pas de bateau \u00e0 proprement parler parfaitement identiques. Certaines embarcations ont bien \u00e9t\u00e9 r\u00e9alis\u00e9es en s\u00e9rie dans la r\u00e9gion, mais souvent ne se sont d\u00e9velopp\u00e9es qu\u2019au niveau local et pas suffisamment&nbsp; pour devenir le bateau embl\u00e9matique de tout le d\u00e9partement.<\/p>\n\n\n\n<p>D\u2019o\u00f9 cette id\u00e9e, peut-\u00eatre un peu folle, de voir un jour sur nos diff\u00e9rents plans d\u2019eau des voiliers identiques.<\/p>\n\n\n\n<p>Ce bateau pourrait \u00eatre celui de propri\u00e9taires individuels ou d\u2019associations souhaitant&nbsp; construire et r\u00e9gater.<\/p>\n\n\n\n<p>Il serait rapide, l\u00e9ger,&nbsp; facile d\u2019entretien et r\u00e9alisable par de bons bricoleurs, transportable pour changer de plan d\u2019eau rapidement et \u00eatre stock\u00e9 \u00e0 sec, son co\u00fbt serait tr\u00e8s abordable, et son allure tr\u00e8s sympa avec un style Charentais.<a href=\"https:\/\/pncm.fr\/monotype\/page-d-exemple\/\" class=\"su-button su-button-style-default\" style=\"color:#100d0d;background-color:#2db4ef;border-color:#2490c0;border-radius:10px\" target=\"_blank\" rel=\"noopener noreferrer\"><span style=\"color:#100d0d;padding:0px 26px;font-size:20px;line-height:40px;border-color:#6ccbf4;border-radius:10px;text-shadow:0px 0px 0px #000000\"> Voir le cahier des charges<\/span><\/a>\n\n\n\n<p><\/p>\n\n\n\n<p>D\u00e9j\u00e0 un grand nombre de nos adh\u00e9rents semblent int\u00e9ress\u00e9s par l\u2019id\u00e9e. Si vous aussi, vous avez l\u2019envie de voir un jour un monotype naviguer sur nos plans d\u2019eau, venez nous rejoindre. <a href=\"https:\/\/pncm.fr\/monotype\/\" class=\"su-button su-button-style-default\" style=\"color:#100d0d;background-color:#2db4ef;border-color:#2490c0;border-radius:10px\" target=\"_blank\" rel=\"noopener noreferrer\"><span style=\"color:#100d0d;padding:0px 26px;font-size:20px;line-height:40px;border-color:#6ccbf4;border-radius:10px;text-shadow:0px 0px 0px #000000\"> Acc\u00e9der au site \u00ab\u00a0Monotype\u00a0\u00bb<\/span><\/a>\n\n\n\n<p>Veuillez prendre contact avec Jean-Michel Morisseau \u00e0 l&rsquo;adresse suivante : jmorisseau@free.fr<\/p>\n","protected":false},"excerpt":{"rendered":"<p>Depuis d\u00e9j\u00e0 pas mal de temps, une id\u00e9e flotte dans nos pertuis, on en parle autour d\u2019un verre, sur les lieux d\u2019arriv\u00e9e lors de nos rassemblements, apr\u00e8s un semblant de r\u00e9gate\u2026 Toujours les m\u00eames discussions, et toujours les m\u00eames constats&nbsp;: impossible de nous mesurer les uns les autres tant nos bateaux sont diff\u00e9rents. Ce qui [&hellip;]<\/p>\n","protected":false},"author":193,"featured_media":0,"parent":0,"menu_order":0,"comment_status":"closed","ping_status":"closed","template":"","meta":{"_et_pb_use_builder":"off","_et_pb_old_content":"","_et_gb_content_width":"1245","footnotes":""},"class_list":["post-5399","page","type-page","status-publish","hentry"],"_links":{"self":[{"href":"https:\/\/www.pncm.fr\/blog\/wp-json\/wp\/v2\/pages\/5399","targetHints":{"allow":["GET"]}}],"collection":[{"href":"https:\/\/www.pncm.fr\/blog\/wp-json\/wp\/v2\/pages"}],"about":[{"href":"https:\/\/www.pncm.fr\/blog\/wp-json\/wp\/v2\/types\/page"}],"author":[{"embeddable":true,"href":"https:\/\/www.pncm.fr\/blog\/wp-json\/wp\/v2\/users\/193"}],"replies":[{"embeddable":true,"href":"https:\/\/www.pncm.fr\/blog\/wp-json\/wp\/v2\/comments?post=5399"}],"version-history":[{"count":8,"href":"https:\/\/www.pncm.fr\/blog\/wp-json\/wp\/v2\/pages\/5399\/revisions"}],"predecessor-version":[{"id":5464,"href":"https:\/\/www.pncm.fr\/blog\/wp-json\/wp\/v2\/pages\/5399\/revisions\/5464"}],"wp:attachment":[{"href":"https:\/\/www.pncm.fr\/blog\/wp-json\/wp\/v2\/media?parent=5399"}],"curies":[{"name":"wp","href":"https:\/\/api.w.org\/{rel}","templated":true}]}}