{"id":612,"date":"2013-12-02T14:55:20","date_gmt":"2013-12-02T13:55:20","guid":{"rendered":"http:\/\/www.pncm.fr\/blog\/?page_id=612"},"modified":"2026-01-18T14:01:24","modified_gmt":"2026-01-18T13:01:24","slug":"politique-de-confidentialite","status":"publish","type":"page","link":"https:\/\/www.pncm.fr\/blog\/politique-de-confidentialite\/","title":{"rendered":"Politique de confidentialit\u00e9"},"content":{"rendered":"[et_pb_section fb_built=\u00a0\u00bb1&Prime; _builder_version=\u00a0\u00bb4.27.4&Prime; _module_preset=\u00a0\u00bbdefault\u00a0\u00bb hover_enabled=\u00a0\u00bb0&Prime; global_colors_info=\u00a0\u00bb{}\u00a0\u00bb sticky_enabled=\u00a0\u00bb0&Prime;][et_pb_row _builder_version=\u00a0\u00bb4.16&Prime; _module_preset=\u00a0\u00bbdefault\u00a0\u00bb global_colors_info=\u00a0\u00bb{}\u00a0\u00bb][et_pb_column type=\u00a0\u00bb4_4&Prime; _builder_version=\u00a0\u00bb4.16&Prime; _module_preset=\u00a0\u00bbdefault\u00a0\u00bb global_colors_info=\u00a0\u00bb{}\u00a0\u00bb][et_pb_text _builder_version=\u00a0\u00bb4.16&Prime; _module_preset=\u00a0\u00bbdefault\u00a0\u00bb text_font=\u00a0\u00bbCapriola||||||||\u00a0\u00bb global_colors_info=\u00a0\u00bb{}\u00a0\u00bb]\n<h2 style=\"text-align: center;\"><span style=\"color: #333399;\">Politique de confidentialit\u00e9<\/span><\/h2>\n<p><span style=\"color: #333399;\"><\/span><\/p>\n<h3><span style=\"color: #666699;\"><strong>1.Collecte de l\u2019information<\/strong><\/span><\/h3>\n<p>Nous recueillons des informations lorsque vous vous inscrivez sur notre site, lorsque vous vous connectez \u00e0 votre compte, faites un achat, participez \u00e0 un concours, et \/ ou lorsque vous vous d\u00e9connectez. Les informations recueillies incluent votre nom, votre adresse e-mail, num\u00e9ro de t\u00e9l\u00e9phone, et \/ ou carte de cr\u00e9dit.<\/p>\n<p>En outre, nous recevons et enregistrons automatiquement des informations \u00e0 partir de votre ordinateur et navigateur, y compris votre adresse IP, vos logiciels et votre mat\u00e9riel, et la page que vous demandez.<\/p>\n<h3><span style=\"color: #666699;\"><strong>2.Utilisation des informations<\/strong><\/span><\/h3>\n<p>Toutes les informations que nous recueillons aupr\u00e8s de vous peuvent \u00eatre utilis\u00e9es pour :<\/p>\n<p>\u00a0&#8211; Personnaliser votre exp\u00e9rience et r\u00e9pondre \u00e0 vos besoins individuels<\/p>\n<p>&#8211; Fournir un contenu publicitaire personnalis\u00e9<\/p>\n<p>&#8211; Am\u00e9liorer notre site<\/p>\n<p>&#8211; Am\u00e9liorer le service client et vos besoins de prise en charge<\/p>\n<p>&#8211; Vous contacter par e-mail<\/p>\n<p>&#8211; Administrer un concours, une promotion, ou une enqu\u00eate<\/p>\n<h3><span style=\"color: #666699;\">\u00a03.<strong>Confidentialit\u00e9 du commerce en ligne<\/strong><\/span><\/h3>\n<p>Nous sommes les seuls propri\u00e9taires des informations recueillies sur ce site. Vos informations personnelles ne seront pas vendues, \u00e9chang\u00e9es, transf\u00e9r\u00e9es, ou donn\u00e9es \u00e0 une autre soci\u00e9t\u00e9 pour n\u2019importe quelle raison, sans votre consentement, en dehors de ce qui est n\u00e9cessaire pour r\u00e9pondre \u00e0 une demande et \/ ou une transaction, comme par exemple pour exp\u00e9dier une commande.<\/p>\n<h3><span style=\"color: #666699;\"><strong>4.Divulgation \u00e0 des tiers<\/strong><\/span><\/h3>\n<p>Nous ne vendons, n\u2019\u00e9changeons et ne transf\u00e9rons pas vos informations personnelles identifiables \u00e0 des tiers. Cela ne comprend pas les tierce parties de confiance qui nous aident \u00e0 exploiter notre site Web ou \u00e0 mener nos affaires, tant que ces parties conviennent de garder ces informations confidentielles.<\/p>\n<p>Nous pensons qu\u2019il est n\u00e9cessaire de partager des informations afin d\u2019enqu\u00eater, de pr\u00e9venir ou de prendre des mesures concernant des activit\u00e9s ill\u00e9gales, fraudes pr\u00e9sum\u00e9es, situations impliquant des menaces potentielles \u00e0 la s\u00e9curit\u00e9 physique de toute personne, violations de nos conditions d\u2019utilisation, ou quand la loi nous y contraint.<\/p>\n<p>Les informations non-priv\u00e9es, cependant, peuvent \u00eatre fournies \u00e0 d\u2019autres parties pour le marketing, la publicit\u00e9, ou d\u2019autres utilisations.<\/p>\n<h3><span style=\"color: #666699;\"><strong>5.Protection des informations<\/strong><\/span><\/h3>\n<p>Nous mettons en \u0153uvre une vari\u00e9t\u00e9 de mesures de s\u00e9curit\u00e9 pour pr\u00e9server la s\u00e9curit\u00e9 de vos informations personnelles. Nous utilisons un cryptage \u00e0 la pointe de la technologie pour prot\u00e9ger les informations sensibles transmises en ligne. Nous prot\u00e9geons \u00e9galement vos informations hors ligne. Seuls les employ\u00e9s qui ont besoin d\u2019effectuer un travail sp\u00e9cifique (par exemple, la facturation ou le service \u00e0 la client\u00e8le) ont acc\u00e8s aux informations personnelles identifiables. Les ordinateurs et serveurs utilis\u00e9s pour stocker des informations personnelles identifiables sont conserv\u00e9s dans un environnement s\u00e9curis\u00e9.<\/p>\n<h3><span style=\"color: #666699;\"><strong>Est-ce que nous utilisons des cookies ?<\/strong><\/span><\/h3>\n<p>Nos cookies am\u00e9liorent l\u2019acc\u00e8s \u00e0 notre site et identifient les visiteurs r\u00e9guliers. En outre, nos cookies am\u00e9liorent l\u2019exp\u00e9rience d\u2019utilisateur gr\u00e2ce au suivi et au ciblage de ses int\u00e9r\u00eats. Cependant, cette utilisation des cookies n\u2019est en aucune fa\u00e7on li\u00e9e \u00e0 des informations personnelles identifiables sur notre site.<\/p>\n<h3><span style=\"color: #666699;\"><strong>6.Se d\u00e9sabonner<\/strong><\/span><\/h3>\n<p>Nous utilisons l\u2019adresse e-mail que vous fournissez pour vous envoyer des informations et mises \u00e0 jour relatives \u00e0 votre commande, des nouvelles de l\u2019entreprise de fa\u00e7on occasionnelle, des informations sur des produits li\u00e9s, etc. Si \u00e0 n\u2019importe quel moment vous souhaitez vous d\u00e9sinscrire et ne plus recevoir d\u2019e-mails, des instructions de d\u00e9sabonnement d\u00e9taill\u00e9es sont incluses en bas de chaque e-mail.<\/p>\n<h3><span style=\"color: #666699;\"><strong>7.Consentement<\/strong><\/span><\/h3>\n<p>En utilisant notre site, vous consentez \u00e0 notre politique de confidentialit\u00e9.<\/p>\n<p>&nbsp;<\/p>\n[\/et_pb_text][\/et_pb_column][\/et_pb_row][\/et_pb_section]\n","protected":false},"excerpt":{"rendered":"<p>Politique de confidentialit\u00e9 1.Collecte de l\u2019information Nous recueillons des informations lorsque vous vous inscrivez sur notre site, lorsque vous vous connectez \u00e0 votre compte, faites un achat, participez \u00e0 un concours, et \/ ou lorsque vous vous d\u00e9connectez. Les informations recueillies incluent votre nom, votre adresse e-mail, num\u00e9ro de t\u00e9l\u00e9phone, et \/ ou carte de [&hellip;]<\/p>\n","protected":false},"author":2,"featured_media":0,"parent":0,"menu_order":0,"comment_status":"closed","ping_status":"closed","template":"","meta":{"_et_pb_use_builder":"on","_et_pb_old_content":"<div dir=\"ltr\" data-angle=\"0\" data-font-name=\"g_font_7_0\" data-canvas-width=\"255.77675362175967\"><strong>Patrimoine Navigant en Charente Maritime (PNCM<\/strong>) est un collectif d\u2019associations (une vingtaine) et propri\u00e9taires de bateaux traditionnels (80 environ) navigant principalement en Charente Maritime. Jusqu\u2019\u00e0 200 \u00e0 300 sympathisants participent \u00e0 ses rassemblements.<\/div>\n<div dir=\"ltr\" data-angle=\"0\" data-font-name=\"g_font_7_0\" data-canvas-width=\"75.10043136884855\">Cr\u00e9\u00e9 en 2003 il s\u2019est fix\u00e9 comme objectifs d\u2019acqu\u00e9rir meilleure reconnaissance aupr\u00e8s des collectivit\u00e9s territoriales locales, de permettre \u00e0 ses adh\u00e9rent de mieux communiquer au moyen de son bulletin de liaison et de son site internet. Depuis, il coordonne le calendrier des manifestations de bateaux traditionnels, et anime de fa\u00e7on dynamique son r\u00e9seau associatif.<\/div>\n<div dir=\"ltr\" data-angle=\"0\" data-font-name=\"g_font_7_0\" data-canvas-width=\"226.47353445479484\">R\u00e9cemment, il s\u2019est fix\u00e9 comme objectif de cr\u00e9er un nouveau bateau traditionnel le :<\/div>\n<div dir=\"ltr\" data-angle=\"0\" data-font-name=\"g_font_10_0\" data-canvas-width=\"208.7057719117968\"><strong>\u00ab Monotype des Pertuis \u00bb<\/strong>.<\/div>\n<div dir=\"ltr\" data-angle=\"0\" data-font-name=\"g_font_7_0\" data-canvas-width=\"270.77021059276296\">Le concept est le suivant : proposer un voilier simple, utilisable pour la randonn\u00e9e et la<\/div>\n<div dir=\"ltr\" data-angle=\"0\" data-font-name=\"g_font_7_0\" data-canvas-width=\"236.88328908304177\">promenade, mais aussi performant pour des r\u00e9gates conviviales ; accessible au plus grand<\/div>\n<div dir=\"ltr\" data-angle=\"0\" data-font-name=\"g_font_7_0\" data-canvas-width=\"246.4596982614754\">nombre et susceptible par son esth\u00e9tique et sa conception de s'int\u00e9grer aux paysages<\/div>\n<div dir=\"ltr\" data-angle=\"0\" data-font-name=\"g_font_7_0\" data-canvas-width=\"326.6228985983929\">maritimes traditionnels du littoral charentais.<\/div>\n<div dir=\"ltr\" data-angle=\"0\" data-font-name=\"g_font_7_0\" data-canvas-width=\"326.6228985983929\">&nbsp;<\/div>\n<div dir=\"ltr\" data-angle=\"0\" data-font-name=\"g_font_7_0\" data-canvas-width=\"326.6228985983929\"><strong>Contact : contact@pncm.fr<\/strong><\/div>\n<div dir=\"ltr\" data-angle=\"0\" data-font-name=\"g_font_7_0\" data-canvas-width=\"326.6228985983929\">&nbsp;<\/div>\n\n<!-- wp:paragraph -->\n<p><\/p>\n<!-- \/wp:paragraph -->","_et_gb_content_width":"","footnotes":""},"class_list":["post-612","page","type-page","status-publish","hentry"],"_links":{"self":[{"href":"https:\/\/www.pncm.fr\/blog\/wp-json\/wp\/v2\/pages\/612","targetHints":{"allow":["GET"]}}],"collection":[{"href":"https:\/\/www.pncm.fr\/blog\/wp-json\/wp\/v2\/pages"}],"about":[{"href":"https:\/\/www.pncm.fr\/blog\/wp-json\/wp\/v2\/types\/page"}],"author":[{"embeddable":true,"href":"https:\/\/www.pncm.fr\/blog\/wp-json\/wp\/v2\/users\/2"}],"replies":[{"embeddable":true,"href":"https:\/\/www.pncm.fr\/blog\/wp-json\/wp\/v2\/comments?post=612"}],"version-history":[{"count":22,"href":"https:\/\/www.pncm.fr\/blog\/wp-json\/wp\/v2\/pages\/612\/revisions"}],"predecessor-version":[{"id":5768,"href":"https:\/\/www.pncm.fr\/blog\/wp-json\/wp\/v2\/pages\/612\/revisions\/5768"}],"wp:attachment":[{"href":"https:\/\/www.pncm.fr\/blog\/wp-json\/wp\/v2\/media?parent=612"}],"curies":[{"name":"wp","href":"https:\/\/api.w.org\/{rel}","templated":true}]}}