{"id":653,"date":"2014-01-14T21:29:22","date_gmt":"2014-01-14T20:29:22","guid":{"rendered":"http:\/\/www.pncm.fr\/blog\/?page_id=653"},"modified":"2021-02-08T21:13:32","modified_gmt":"2021-02-08T20:13:32","slug":"les-lasses-marennaises","status":"publish","type":"page","link":"https:\/\/www.pncm.fr\/blog\/les-associations-locales\/les-lasses-marennaises\/","title":{"rendered":"Les Lasses Marennaises"},"content":{"rendered":"<p style=\"text-align: left;\">C&rsquo;est \u00e0 Marennes au centre du Bassin Marennes Ol\u00e9ron que s&rsquo;est constitu\u00e9e l&rsquo;association des lasses Marennaises, en 1996. Quelques passionn\u00e9s de voiles traditionnelles et d&rsquo;histoire locale, certains poss\u00e9dant d\u00e9j\u00e0 une lasse \u00e0 voile, ont souhait\u00e9, par cette association, faire partager leur passion.<\/p>\n<p style=\"text-align: left;\">Les objectifs de l&rsquo;association sont :<\/p>\n<ul>\n<li style=\"text-align: left;\">de collecter toutes les informations techniques et culturelles concernant les lasses \u00e0 voile,<\/li>\n<li style=\"text-align: left;\">de restaurer et entretenir des lasses dans le respect des traditions et de participer aux rassemblements de gr\u00e9ements traditionnels.<\/li>\n<\/ul>\n<p>L&rsquo;association contribue \u00e9galement \u00e0 l&rsquo;animation de rassemblements de gr\u00e9ements traditionnels sur le territoire soit en tant qu&rsquo;acteur ou d&rsquo;organisateur comme pour \u00ab\u00a0l&rsquo;escale au chantier Rabeau\u00a0\u00bb ou le rassemblement des \u00ab\u00a0voiles traditionnelles de Marennes\u00a0\u00bb qui s&rsquo;int\u00e8gre dans la \u00ab\u00a0Route de l&rsquo;Huitre\u00a0\u00bb.<br \/>Depuis 2008, la mairie de Bourcefranc-Le Chapus laisse \u00e0 l\u2019association l\u2019exploitation du Chantier Rabeau, sur la plage du vieux Chapus, qui reprend ainsi vie dans sa mission originelle. Nous vous y invitons \u00e0 venir nous rencontrer tous les samedis apr\u00e8s-midi \u00e0 partir de 14h mais aussi certains mercredi et jeudi apr\u00e8s-midi au gr\u00e9 des travaux \u00e0 r\u00e9aliser.<br \/>Si vous aussi voulez participer \u00e0 nos activit\u00e9s, contactez-nous,<br \/>nous vous offrirons le meilleur accueil dans une ambiance conviviale\u00a0et sympathique<\/p>\n<p style=\"text-align: left;\">\u00a0<img loading=\"lazy\" decoding=\"async\" class=\"alignnone size-medium wp-image-1571\" src=\"http:\/\/www.pncm.fr\/blog\/wp-content\/uploads\/40390840_1852200018203857_7992166412451840000_o-300x225.jpg\" alt=\"\" width=\"300\" height=\"225\" srcset=\"https:\/\/www.pncm.fr\/blog\/wp-content\/uploads\/40390840_1852200018203857_7992166412451840000_o-300x225.jpg 300w, https:\/\/www.pncm.fr\/blog\/wp-content\/uploads\/40390840_1852200018203857_7992166412451840000_o-768x576.jpg 768w, https:\/\/www.pncm.fr\/blog\/wp-content\/uploads\/40390840_1852200018203857_7992166412451840000_o-1024x768.jpg 1024w, https:\/\/www.pncm.fr\/blog\/wp-content\/uploads\/40390840_1852200018203857_7992166412451840000_o.jpg 2048w\" sizes=\"(max-width: 300px) 100vw, 300px\" \/><\/p>\n<p style=\"text-align: left;\">Adresse de l&rsquo;association :<br \/>Chantier Rabeau<br \/>52 rue du vieux port<br \/>17560 Bourcefranc-Le Chapus<br \/>Contact : Jean-Pierre Angibaud 06 85 52 08 39<br \/>Courriel :\u00a0<a href=\"mailto:lassesmarennaises@gmail.com\">lassesmarennaises@gmail.com<\/a><br \/>Site web de l&rsquo;association : <a href=\"http:\/\/www.lassesmarennaises.fr\/\" target=\"_blank\" rel=\"noopener noreferrer\">www.lassesmarennaises.fr<\/a>\u00a0[<a href=\"https:\/\/lassesmarennaises.jimdo.com\/\" target=\"_blank\" rel=\"noopener noreferrer\">1<\/a>]\n<p>A lire :\u00a0 les bimestriels\u00a0 :<\/p>\n<p><a href=\"http:\/\/www.pncm.fr\/blog\/wp-content\/uploads\/A-bord-des-lasses-num\u00e9ro-1.pdf\">A bord des Lasses N\u00b01<\/a><\/p>\n<p><a href=\"http:\/\/www.pncm.fr\/blog\/wp-content\/uploads\/A-bord-des-lasses-num\u00e9ro-2.pdf\">A bord des Lasses N\u00b02<\/a><\/p>\n<p><a href=\"http:\/\/www.pncm.fr\/blog\/wp-content\/uploads\/A-bord-des-lasses-num\u00e9ro-3.pdf\">A bord des lasses &#8211; num\u00e9ro 3<\/a><\/p>\n<p><a href=\"http:\/\/www.pncm.fr\/blog\/wp-content\/uploads\/A-bord-des-lasses-num\u00e9ro-4.pdf\">A bord des lasses &#8211; num\u00e9ro 4<\/a><\/p>\n<p><a href=\"http:\/\/www.pncm.fr\/blog\/wp-content\/uploads\/A-bord-des-lasses-num\u00e9ro-5.pdf\">A bord des lasses &#8211; num\u00e9ro 5<\/a><\/p>\n<p><span style=\"color: #99ccff;\"><a style=\"color: #99ccff;\" href=\"http:\/\/www.pncm.fr\/blog\/wp-content\/uploads\/A-bord-des-lasses-numero-6.pdf\"><span style=\"color: #008080;\">A bord des lasses &#8211; num\u00e9ro 6<\/span><\/a><\/span><\/p>\n<ul>\n<li><a href=\"https:\/\/france3-regions.francetvinfo.fr\/nouvelle-aquitaine\/charente-maritime\/la-rochelle\/bourcefranc-chapus-passionnes-au-chevet-bateaux-traditionnels-concus-ostreiculture-1667301.html\" class=\"su-button su-button-style-default\" style=\"color:#FFFFFF;background-color:#2D89EF;border-color:#246ec0;border-radius:5px\" target=\"_self\"><span style=\"color:#FFFFFF;padding:0px 16px;font-size:13px;line-height:26px;border-color:#6cadf4;border-radius:5px;text-shadow:none\"> Reportage France 3 &#8211; mai 2019<\/span><\/a><\/li>\n<\/ul>\n\n\n<p>Autres articles&#8230;<\/p>\n\n\n\n<p><a href=\"http:\/\/www.pncm.fr\/blog\/wp-content\/uploads\/Gal-Leclerc-a-Bourcefranc.jpg\">Arriv\u00e9e du G\u00e9n\u00e9ral Leclerc au Chantier Rabeau<\/a><\/p>\n\n\n\n<p><a href=\"http:\/\/www.pncm.fr\/blog\/wp-content\/uploads\/projet-jeune-au-chantier-rabeau.png\">D\u00e9marrage du projet BD, au chantier Rabeau<\/a><\/p>\n","protected":false},"excerpt":{"rendered":"<p>C&rsquo;est \u00e0 Marennes au centre du Bassin Marennes Ol\u00e9ron que s&rsquo;est constitu\u00e9e l&rsquo;association des lasses Marennaises, en 1996. Quelques passionn\u00e9s de voiles traditionnelles et d&rsquo;histoire locale, certains poss\u00e9dant d\u00e9j\u00e0 une lasse \u00e0 voile, ont souhait\u00e9, par cette association, faire partager leur passion. Les objectifs de l&rsquo;association sont : de collecter toutes les informations techniques et [&hellip;]<\/p>\n","protected":false},"author":2,"featured_media":0,"parent":78,"menu_order":0,"comment_status":"closed","ping_status":"closed","template":"","meta":{"_et_pb_use_builder":"","_et_pb_old_content":"","_et_gb_content_width":"","footnotes":""},"class_list":["post-653","page","type-page","status-publish","hentry"],"_links":{"self":[{"href":"https:\/\/www.pncm.fr\/blog\/wp-json\/wp\/v2\/pages\/653","targetHints":{"allow":["GET"]}}],"collection":[{"href":"https:\/\/www.pncm.fr\/blog\/wp-json\/wp\/v2\/pages"}],"about":[{"href":"https:\/\/www.pncm.fr\/blog\/wp-json\/wp\/v2\/types\/page"}],"author":[{"embeddable":true,"href":"https:\/\/www.pncm.fr\/blog\/wp-json\/wp\/v2\/users\/2"}],"replies":[{"embeddable":true,"href":"https:\/\/www.pncm.fr\/blog\/wp-json\/wp\/v2\/comments?post=653"}],"version-history":[{"count":18,"href":"https:\/\/www.pncm.fr\/blog\/wp-json\/wp\/v2\/pages\/653\/revisions"}],"predecessor-version":[{"id":3119,"href":"https:\/\/www.pncm.fr\/blog\/wp-json\/wp\/v2\/pages\/653\/revisions\/3119"}],"up":[{"embeddable":true,"href":"https:\/\/www.pncm.fr\/blog\/wp-json\/wp\/v2\/pages\/78"}],"wp:attachment":[{"href":"https:\/\/www.pncm.fr\/blog\/wp-json\/wp\/v2\/media?parent=653"}],"curies":[{"name":"wp","href":"https:\/\/api.w.org\/{rel}","templated":true}]}}