{"id":722,"date":"2014-05-11T21:19:12","date_gmt":"2014-05-11T20:19:12","guid":{"rendered":"http:\/\/www.pncm.fr\/blog\/?page_id=722"},"modified":"2018-11-20T20:32:03","modified_gmt":"2018-11-20T19:32:03","slug":"en-image","status":"publish","type":"page","link":"https:\/\/www.pncm.fr\/blog\/en-image\/","title":{"rendered":"En image"},"content":{"rendered":"<p><a href=\"https:\/\/www.dropbox.com\/sh\/kp3kgqp5bzo0zvu\/AACOIWK3Z-9zRlZZqAHh16pBa\" target=\"_blank\" rel=\"noopener\">D\u00e9but de construction<\/a><\/p>\n<p><a href=\"https:\/\/www.dropbox.com\/sh\/jpz1tui3wqptvim\/AAD1CrLJ6ylJ0FJ6d0cIOaHSa\" target=\"_blank\" rel=\"noopener\">Pose des bord\u00e9s et du puits de d\u00e9rive<\/a><\/p>\n<p><a href=\"https:\/\/www.dropbox.com\/sh\/m1y5hjxbuec1qb5\/AADiGFvweblePsHAJfw3R_Msa?dl=0\" target=\"_blank\" rel=\"noopener\">Stratification<\/a><\/p>\n<p><a href=\"https:\/\/www.dropbox.com\/sh\/a7mbtajs610yash\/AADI8QuF6nLN8jly30osA2H2a\" target=\"_blank\" rel=\"noopener\">R\u00e9alisation des ballasts<\/a><\/p>\n<p><a href=\"https:\/\/www.dropbox.com\/sh\/97q6u2xsp7r19v7\/AAAtlgs_CGNAfdLW8ZR_ERQaa?dl=0\" target=\"_blank\" rel=\"noopener\">Pose du pont<\/a><\/p>\n<p><a href=\"https:\/\/www.dropbox.com\/sh\/rzvaecg0616v3ev\/AAAIiDB1HZ-XhqY4uk_ReFqLa?dl=0\" target=\"_blank\" rel=\"noopener\">Am\u00e9nagements et Espars<\/a><\/p>\n<p><a href=\"https:\/\/www.dropbox.com\/sh\/bj42kdvvx8lu544\/AAAjaQAxSyVJ3kDCE-mYDtSXa?dl=0\" target=\"_blank\" rel=\"noopener\">D\u00e9rive et safran<\/a><\/p>\n<p><a href=\"https:\/\/www.dropbox.com\/sh\/7ik7l4mz4hc4ivg\/AADhI5KjYzQ7i2-A5cV6AaXua\" target=\"_blank\" rel=\"noopener\">Sortie de chantier<\/a><\/p>\n<p><a href=\"https:\/\/www.dropbox.com\/sh\/fq6zt28ady4ak60\/AACgKtE-Ag60qLYh0oSR1G9Ma?dl=0\" target=\"_blank\" rel=\"noopener\">Mise \u00e0 l&rsquo;eau technique<\/a><\/p>\n<p><a href=\"https:\/\/www.dropbox.com\/sh\/ttzc8guimxdqxt3\/AABnwVLlkAzIRS-3gzA1x_96a?dl=0\" target=\"_blank\" rel=\"noopener\">Pr\u00e9sentation au public et premier essai<\/a><\/p>\n<p><a href=\"https:\/\/www.dropbox.com\/sc\/kbx0oed6pi9h218\/AAApeO4ZcnVt8r0Ovba-3bPea\" target=\"_blank\" rel=\"noopener\">Sortie Avril 2015<\/a><\/p>\n<div id=\"su_slider_69e0f8866aec1\" class=\"su-slider su-slider-pages-no su-slider-responsive-no su-lightbox-gallery\" style=\"width:760px;height:760px\" data-autoplay=\"5200\" data-speed=\"800\" data-mousewheel=\"true\"><div class=\"su-slider-slides\"><div class=\"su-slider-slide\"><a href=\"https:\/\/www.pncm.fr\/blog\/wp-content\/uploads\/Le-Littoral2.jpg\"  title=\"Le Littoral2\"><img decoding=\"async\" src=\"https:\/\/www.pncm.fr\/blog\/wp-content\/uploads\/Le-Littoral2-760x760.jpg\" alt=\"Le Littoral2\" \/><\/a><\/div><div class=\"su-slider-slide\"><a href=\"https:\/\/www.pncm.fr\/blog\/wp-content\/uploads\/PC010067.jpg\"  title=\"OLYMPUS DIGITAL CAMERA\"><img decoding=\"async\" src=\"https:\/\/www.pncm.fr\/blog\/wp-content\/uploads\/PC010067-760x760.jpg\" alt=\"OLYMPUS DIGITAL CAMERA\" \/><\/a><\/div><div class=\"su-slider-slide\"><a href=\"https:\/\/www.pncm.fr\/blog\/wp-content\/uploads\/PC010065.jpg\"  title=\"OLYMPUS DIGITAL CAMERA\"><img decoding=\"async\" src=\"https:\/\/www.pncm.fr\/blog\/wp-content\/uploads\/PC010065-760x760.jpg\" alt=\"OLYMPUS DIGITAL CAMERA\" \/><\/a><\/div><div class=\"su-slider-slide\"><a href=\"https:\/\/www.pncm.fr\/blog\/wp-content\/uploads\/PC010052.jpg\"  title=\"OLYMPUS DIGITAL CAMERA\"><img decoding=\"async\" src=\"https:\/\/www.pncm.fr\/blog\/wp-content\/uploads\/PC010052-760x760.jpg\" alt=\"OLYMPUS DIGITAL CAMERA\" \/><\/a><\/div><div class=\"su-slider-slide\"><a href=\"https:\/\/www.pncm.fr\/blog\/wp-content\/uploads\/PC010033.jpg\"  title=\"OLYMPUS DIGITAL CAMERA\"><img decoding=\"async\" src=\"https:\/\/www.pncm.fr\/blog\/wp-content\/uploads\/PC010033-760x760.jpg\" alt=\"OLYMPUS DIGITAL CAMERA\" \/><\/a><\/div><div class=\"su-slider-slide\"><a href=\"https:\/\/www.pncm.fr\/blog\/wp-content\/uploads\/PC010032.jpg\"  title=\"OLYMPUS DIGITAL CAMERA\"><img decoding=\"async\" src=\"https:\/\/www.pncm.fr\/blog\/wp-content\/uploads\/PC010032-760x760.jpg\" alt=\"OLYMPUS DIGITAL CAMERA\" \/><\/a><\/div><div class=\"su-slider-slide\"><a href=\"https:\/\/www.pncm.fr\/blog\/wp-content\/uploads\/PC010031.jpg\"  title=\"OLYMPUS DIGITAL CAMERA\"><img decoding=\"async\" src=\"https:\/\/www.pncm.fr\/blog\/wp-content\/uploads\/PC010031-760x760.jpg\" alt=\"OLYMPUS DIGITAL CAMERA\" \/><\/a><\/div><div class=\"su-slider-slide\"><a href=\"https:\/\/www.pncm.fr\/blog\/wp-content\/uploads\/PC010015.jpg\"  title=\"OLYMPUS DIGITAL CAMERA\"><img decoding=\"async\" src=\"https:\/\/www.pncm.fr\/blog\/wp-content\/uploads\/PC010015-760x760.jpg\" alt=\"OLYMPUS DIGITAL CAMERA\" \/><\/a><\/div><\/div><div class=\"su-slider-nav\"><div class=\"su-slider-direction\"><span class=\"su-slider-prev\"><\/span><span class=\"su-slider-next\"><\/span><\/div><div class=\"su-slider-pagination\"><\/div><\/div><\/div>\n<p><a href=\"https:\/\/photos.app.goo.gl\/zXyUtXX03hy04o0n2\">Mise \u00e0 l&rsquo;eau du N\u00b05<\/a><\/p>\n<p><a href=\"https:\/\/photos.app.goo.gl\/1LJrdj6PBFjnWg6i7\">Mise \u00e0 l&rsquo;eau du N\u00b03\u00a0<\/a><\/p>\n<p><a href=\"https:\/\/photos.app.goo.gl\/1LJrdj6PBFjnWg6i7\">Et 2 et 3&#8230;<\/a><\/p>\n<p>&nbsp;<\/p>\n","protected":false},"excerpt":{"rendered":"<p>D\u00e9but de construction Pose des bord\u00e9s et du puits de d\u00e9rive Stratification R\u00e9alisation des ballasts Pose du pont Am\u00e9nagements et Espars D\u00e9rive et safran Sortie de chantier Mise \u00e0 l&rsquo;eau technique Pr\u00e9sentation au public et premier essai Sortie Avril 2015 Mise \u00e0 l&rsquo;eau du N\u00b05 Mise \u00e0 l&rsquo;eau du N\u00b03\u00a0 Et 2 et 3&#8230; &nbsp;<\/p>\n","protected":false},"author":2,"featured_media":0,"parent":0,"menu_order":0,"comment_status":"closed","ping_status":"closed","template":"onecolumn-page.php","meta":{"_et_pb_use_builder":"","_et_pb_old_content":"","_et_gb_content_width":"","footnotes":""},"class_list":["post-722","page","type-page","status-publish","hentry"],"_links":{"self":[{"href":"https:\/\/www.pncm.fr\/blog\/wp-json\/wp\/v2\/pages\/722","targetHints":{"allow":["GET"]}}],"collection":[{"href":"https:\/\/www.pncm.fr\/blog\/wp-json\/wp\/v2\/pages"}],"about":[{"href":"https:\/\/www.pncm.fr\/blog\/wp-json\/wp\/v2\/types\/page"}],"author":[{"embeddable":true,"href":"https:\/\/www.pncm.fr\/blog\/wp-json\/wp\/v2\/users\/2"}],"replies":[{"embeddable":true,"href":"https:\/\/www.pncm.fr\/blog\/wp-json\/wp\/v2\/comments?post=722"}],"version-history":[{"count":24,"href":"https:\/\/www.pncm.fr\/blog\/wp-json\/wp\/v2\/pages\/722\/revisions"}],"predecessor-version":[{"id":1542,"href":"https:\/\/www.pncm.fr\/blog\/wp-json\/wp\/v2\/pages\/722\/revisions\/1542"}],"wp:attachment":[{"href":"https:\/\/www.pncm.fr\/blog\/wp-json\/wp\/v2\/media?parent=722"}],"curies":[{"name":"wp","href":"https:\/\/api.w.org\/{rel}","templated":true}]}}